{"id":95,"date":"2024-05-30T17:23:34","date_gmt":"2024-05-30T15:23:34","guid":{"rendered":"https:\/\/ventolini-services.com\/?page_id=95"},"modified":"2025-09-21T18:08:18","modified_gmt":"2025-09-21T16:08:18","slug":"accueil-services-de-debarras","status":"publish","type":"page","link":"https:\/\/ventolini-services.com\/","title":{"rendered":"Services de D\u00e9barras"},"content":{"rendered":"\n<h3 class=\"wp-block-heading has-text-align-center has-luminous-vivid-orange-color has-text-color has-link-color wp-elements-4f9e5db1c14dbcc5fb94764eafd0c93b\" style=\"text-decoration:underline\"><strong>VENTOLINI DEBARRAS SERVICES<\/strong><\/h3>\n\n\n\n<p class=\"has-text-align-center has-luminous-vivid-orange-color has-text-color has-link-color has-small-font-size wp-elements-32ffa875435109a9f1961f42aae96c49\" style=\"text-decoration:underline\"><strong>SERVICES DE DEBARRAS ET NETTOYAGES EXTR\u00caMES<\/strong><\/p>\n\n\n\n<p><em><strong>VENTOLINI DEBARRAS SERVICES<\/strong><\/em> est votre partenaire de confiance pour tous vos besoins de <strong>d\u00e9barras <\/strong>et de<strong> nettoyages extr\u00eames<\/strong>, que vous soyez un professionnel ou un particulier, dans toute la r\u00e9gion PACA, nous vous proposons des prestations sur-mesure afin de r\u00e9pondre \u00e0 toutes vos exigences.<\/p>\n\n\n\n<p><strong>Notre \u00e9quipe d&rsquo;experts qualifi\u00e9s<\/strong> intervient dans les maisons, appartements, caves, greniers, garages, entrep\u00f4ts, locaux commerciaux, copropri\u00e9t\u00e9s, chambres fun\u00e9raires et bien plus encore, pour vous proposer des solutions adapt\u00e9es \u00e0 chaque situation.<\/p>\n\n\n\n<p class=\"has-luminous-vivid-orange-color has-text-color has-link-color has-medium-font-size wp-elements-97b5fee29f69094c494a1e5316bf273a\"><strong>Services de D\u00e9barras :<\/strong><\/p>\n\n\n\n<p class=\"has-luminous-vivid-orange-color has-text-color has-link-color has-medium-font-size wp-elements-60088ba7ecb1195e82422710bc99b2ae\"><strong><em>\u00ab&nbsp;Votre alli\u00e9 pour un espace propre et serein&nbsp;\u00bb<\/em><\/strong><\/p>\n\n\n\n<p><strong>Vous vous sentez submerg\u00e9s par les encombrants qui envahissent votre maison ?<\/strong>&nbsp;<strong>Vous avez besoin d&rsquo;un vide maison complet suite \u00e0 un d\u00e9m\u00e9nagement, une succession, un d\u00e9part en maison de retraite ou simplement pour retrouver un espace de vie sain et agr\u00e9able ?<\/strong><\/p>\n\n\n\n<p><strong>Vous <\/strong><strong>\u00eates un professionnel, un syndic de copropri\u00e9t\u00e9 suite \u00e0 l\u2019\u00e9tat des lieux pour la vente d\u2019un bien immobilier, ou propri\u00e9taire de locaux commerciaux et vous voulez d\u00e9localiser votre entreprise?<\/strong><\/p>\n\n\n\n<p><em><strong>Ventolini D\u00e9barras Services<\/strong><\/em> est votre solution de r\u00e9f\u00e9rence pour tous vos besoins de d\u00e9barras vers les fili\u00e8res agr\u00e9\u00e9es, avec un grand respect des normes environnementales pour une d\u00e9marche \u00e9co-responsable.<\/p>\n\n\n\n<p>Notre \u00e9quipe exp\u00e9riment\u00e9e intervient dans tous types de lieux encombr\u00e9s et insalubres m\u00eame les lieux difficiles d\u2019acc\u00e8s, en \u00e9tage avec ou sans ascenseur. Et prend en charge tous types d&rsquo;encombrants, qu&rsquo;il s&rsquo;agisse d\u2019objets de valeur, de d\u00e9coration, de meubles, d&rsquo;\u00e9lectrom\u00e9nager, de textiles, de gravats, de ferrailles, de d\u00e9chets verts ou d&rsquo;archives.&nbsp;<\/p>\n\n\n\n<p>Nos prestations sont organis\u00e9es pour vous apporter les meilleurs <strong>services de d\u00e9barras<\/strong>, mais aussi pour vous offrir des services additionnels en relation directe avec l\u2019op\u00e9ration de d\u00e9barras&nbsp;:<\/p>\n\n\n\n<ul class=\"wp-block-list\">\n<li><strong>Service de manutention et transport<\/strong> de tous types de produits,&nbsp; fragiles, lourds et volumineux.<\/li>\n\n\n\n<li><strong>Service d\u2019\u00e9vacuation et de tri<\/strong> vers un centre agr\u00e9\u00e9 de retraitement pour la revalorisation ou le recyclage des d\u00e9chets.<\/li>\n\n\n\n<li><strong>Service de nettoyage, d\u00e9sinfection et assainissement <\/strong>de tous types de lieux.<\/li>\n\n\n\n<li><strong>Service de nettoyage apr\u00e8s travaux.<\/strong><\/li>\n\n\n\n<li><strong>Service de r\u00e9novation, restauration, r\u00e9paration et petits travaux d\u2019entretien.<\/strong><\/li>\n\n\n\n<li><strong>Service de destruction <\/strong>d\u2019archives, de disques durs et de tous documents administratifs confidentiels vers une fili\u00e8re certifi\u00e9e.<\/li>\n<\/ul>\n\n\n\n<p>En confiant votre d\u00e9barras \u00e0 <em><strong>Ventolini D\u00e9barras Services<\/strong><\/em>, vous avez l&rsquo;assurance d&rsquo;un travail de qualit\u00e9 et d&rsquo;une tranquillit\u00e9 d&rsquo;esprit retrouv\u00e9e, un service \u00ab&nbsp;cl\u00e9 en main&nbsp;\u00bb.<\/p>\n\n\n\n<p><strong>N&rsquo;h\u00e9sitez pas \u00e0 nous contacter pour une demande de devis gratuit sans frais de d\u00e9placement, ou pour toute information compl\u00e9mentaire.<\/strong><\/p>\n\n\n\n<div class=\"wp-block-group\"><div class=\"wp-block-group__inner-container is-layout-constrained wp-block-group-is-layout-constrained\">\n<div class=\"wp-block-buttons is-layout-flex wp-block-buttons-is-layout-flex\">\n<div class=\"wp-block-button has-custom-width wp-block-button__width-50 is-style-fill\"><a class=\"wp-block-button__link has-luminous-vivid-orange-background-color has-background wp-element-button\" href=\"tel:0635026881\">06.35.02.68.81<\/a><\/div>\n\n\n\n<div class=\"wp-block-button has-custom-width wp-block-button__width-50\"><a class=\"wp-block-button__link has-luminous-vivid-orange-background-color has-background wp-element-button\" href=\"https:\/\/ventolini-services.com\/index.php\/contact#24h\">Demandez votre devis<\/a><\/div>\n<\/div>\n\n\n\n<p><\/p>\n\n\n\n<p class=\"has-luminous-vivid-orange-color has-text-color has-link-color has-small-font-size wp-elements-4ddce148a9cd8668134099a202871a30\"><strong><em>V.D.S, un Service Client adapt\u00e9&nbsp;:<\/em><\/strong><\/p>\n\n\n\n<ul class=\"has-cyan-bluish-gray-color has-text-color has-link-color has-small-font-size wp-block-list wp-elements-fed096421fc35d7ce79f7f444b9fa302\">\n<li><strong>Service de proximit\u00e9 sur toute la r\u00e9gion PACA<\/strong><\/li>\n\n\n\n<li><strong>Devis et d\u00e9placement gratuits sous 12h<\/strong><\/li>\n\n\n\n<li><strong>Disponible 7j\/7 et intervention rapide sous 24h<\/strong><\/li>\n\n\n\n<li><strong>D\u00e9barras et nettoyage complet ou sur mesure<\/strong><\/li>\n\n\n\n<li><strong>Sp\u00e9cialiste des acc\u00e8s difficiles<\/strong><\/li>\n\n\n\n<li><strong>Utilisation de mat\u00e9riels et v\u00e9hicules adapt\u00e9s<\/strong><\/li>\n\n\n\n<li><strong>Un tri responsable et respect des normes environnementales<\/strong><\/li>\n\n\n\n<li><strong>\u00c9quipe de professionnels des nettoyages extr\u00eames<\/strong><\/li>\n\n\n\n<li><strong>Nettoyage apr\u00e8s chaque intervention<\/strong><\/li>\n\n\n\n<li><strong>Un service cl\u00e9 en main d\u2019un travail soign\u00e9 et discr\u00e9tion assur\u00e9e<\/strong><\/li>\n<\/ul>\n<\/div><\/div>\n","protected":false},"excerpt":{"rendered":"<p>VENTOLINI DEBARRAS SERVICES SERVICES DE DEBARRAS ET NETTOYAGES EXTR\u00caMES VENTOLINI DEBARRAS SERVICES est votre partenaire de confiance pour tous vos besoins de d\u00e9barras et de nettoyages extr\u00eames, que vous soyez un professionnel ou un particulier, dans toute la r\u00e9gion PACA, nous vous proposons des prestations sur-mesure afin de r\u00e9pondre \u00e0 toutes vos exigences. Notre \u00e9quipe &hellip; <\/p>\n<p class=\"link-more\"><a href=\"https:\/\/ventolini-services.com\/\" class=\"more-link\">Continuer la lecture<span class=\"screen-reader-text\"> de &laquo;&nbsp;Services de D\u00e9barras&nbsp;&raquo;<\/span><\/a><\/p>\n","protected":false},"author":1,"featured_media":0,"parent":0,"menu_order":0,"comment_status":"closed","ping_status":"closed","template":"","meta":{"footnotes":""},"class_list":["post-95","page","type-page","status-publish","hentry"],"yoast_head":"<!-- This site is optimized with the Yoast SEO plugin v23.6 - https:\/\/yoast.com\/wordpress\/plugins\/seo\/ -->\n<title>Services de D\u00e9barras - Ventolini D\u00e9barras Services<\/title>\n<meta name=\"description\" content=\"Vous souhaitez vous d\u00e9barrasser d&#039;encombrants ? Faites appel \u00e0 nos experts. Nous intervenons rapidement et discr\u00e8tement.\" \/>\n<meta name=\"robots\" content=\"index, follow, max-snippet:-1, max-image-preview:large, max-video-preview:-1\" \/>\n<link rel=\"canonical\" href=\"https:\/\/ventolini-services.com\/\" \/>\n<meta property=\"og:locale\" content=\"fr_FR\" \/>\n<meta property=\"og:type\" content=\"article\" \/>\n<meta property=\"og:title\" content=\"Services de D\u00e9barras - Ventolini D\u00e9barras Services\" \/>\n<meta property=\"og:description\" content=\"Vous souhaitez vous d\u00e9barrasser d&#039;encombrants ? Faites appel \u00e0 nos experts. Nous intervenons rapidement et discr\u00e8tement.\" \/>\n<meta property=\"og:url\" content=\"https:\/\/ventolini-services.com\/\" \/>\n<meta property=\"og:site_name\" content=\"Ventolini D\u00e9barras Services\" \/>\n<meta property=\"article:publisher\" content=\"https:\/\/www.facebook.com\/VentoliniDebarrasServices\" \/>\n<meta property=\"article:modified_time\" content=\"2025-09-21T16:08:18+00:00\" \/>\n<meta name=\"twitter:card\" content=\"summary_large_image\" \/>\n<meta name=\"twitter:label1\" content=\"Dur\u00e9e de lecture estim\u00e9e\" \/>\n\t<meta name=\"twitter:data1\" content=\"3 minutes\" \/>\n<script type=\"application\/ld+json\" class=\"yoast-schema-graph\">{\"@context\":\"https:\/\/schema.org\",\"@graph\":[{\"@type\":\"WebPage\",\"@id\":\"https:\/\/ventolini-services.com\/\",\"url\":\"https:\/\/ventolini-services.com\/\",\"name\":\"Services de D\u00e9barras - Ventolini D\u00e9barras Services\",\"isPartOf\":{\"@id\":\"https:\/\/ventolini-services.com\/#website\"},\"datePublished\":\"2024-05-30T15:23:34+00:00\",\"dateModified\":\"2025-09-21T16:08:18+00:00\",\"description\":\"Vous souhaitez vous d\u00e9barrasser d'encombrants ? Faites appel \u00e0 nos experts. Nous intervenons rapidement et discr\u00e8tement.\",\"breadcrumb\":{\"@id\":\"https:\/\/ventolini-services.com\/#breadcrumb\"},\"inLanguage\":\"fr-FR\",\"potentialAction\":[{\"@type\":\"ReadAction\",\"target\":[\"https:\/\/ventolini-services.com\/\"]}]},{\"@type\":\"BreadcrumbList\",\"@id\":\"https:\/\/ventolini-services.com\/#breadcrumb\",\"itemListElement\":[{\"@type\":\"ListItem\",\"position\":1,\"name\":\"Accueil\",\"item\":\"https:\/\/ventolini-services.com\/\"},{\"@type\":\"ListItem\",\"position\":2,\"name\":\"Services de D\u00e9barras\"}]},{\"@type\":\"WebSite\",\"@id\":\"https:\/\/ventolini-services.com\/#website\",\"url\":\"https:\/\/ventolini-services.com\/\",\"name\":\"Ventolini D\u00e9barras Services\",\"description\":\"Un engagement \u00e0 votre service, votre partenaire de confiance pour particulier et professionnel.\",\"publisher\":{\"@id\":\"https:\/\/ventolini-services.com\/#organization\"},\"alternateName\":\"vds\",\"potentialAction\":[{\"@type\":\"SearchAction\",\"target\":{\"@type\":\"EntryPoint\",\"urlTemplate\":\"https:\/\/ventolini-services.com\/?s={search_term_string}\"},\"query-input\":{\"@type\":\"PropertyValueSpecification\",\"valueRequired\":true,\"valueName\":\"search_term_string\"}}],\"inLanguage\":\"fr-FR\"},{\"@type\":\"Organization\",\"@id\":\"https:\/\/ventolini-services.com\/#organization\",\"name\":\"Ventolini D\u00e9barras Services\",\"url\":\"https:\/\/ventolini-services.com\/\",\"logo\":{\"@type\":\"ImageObject\",\"inLanguage\":\"fr-FR\",\"@id\":\"https:\/\/ventolini-services.com\/#\/schema\/logo\/image\/\",\"url\":\"https:\/\/ventolini-services.com\/wp-content\/uploads\/2024\/05\/cropped-VDS-vignette1-1.png\",\"contentUrl\":\"https:\/\/ventolini-services.com\/wp-content\/uploads\/2024\/05\/cropped-VDS-vignette1-1.png\",\"width\":250,\"height\":250,\"caption\":\"Ventolini D\u00e9barras Services\"},\"image\":{\"@id\":\"https:\/\/ventolini-services.com\/#\/schema\/logo\/image\/\"},\"sameAs\":[\"https:\/\/www.facebook.com\/VentoliniDebarrasServices\"]}]}<\/script>\n<!-- \/ Yoast SEO plugin. -->","yoast_head_json":{"title":"Services de D\u00e9barras - Ventolini D\u00e9barras Services","description":"Vous souhaitez vous d\u00e9barrasser d'encombrants ? Faites appel \u00e0 nos experts. Nous intervenons rapidement et discr\u00e8tement.","robots":{"index":"index","follow":"follow","max-snippet":"max-snippet:-1","max-image-preview":"max-image-preview:large","max-video-preview":"max-video-preview:-1"},"canonical":"https:\/\/ventolini-services.com\/","og_locale":"fr_FR","og_type":"article","og_title":"Services de D\u00e9barras - Ventolini D\u00e9barras Services","og_description":"Vous souhaitez vous d\u00e9barrasser d'encombrants ? Faites appel \u00e0 nos experts. Nous intervenons rapidement et discr\u00e8tement.","og_url":"https:\/\/ventolini-services.com\/","og_site_name":"Ventolini D\u00e9barras Services","article_publisher":"https:\/\/www.facebook.com\/VentoliniDebarrasServices","article_modified_time":"2025-09-21T16:08:18+00:00","twitter_card":"summary_large_image","twitter_misc":{"Dur\u00e9e de lecture estim\u00e9e":"3 minutes"},"schema":{"@context":"https:\/\/schema.org","@graph":[{"@type":"WebPage","@id":"https:\/\/ventolini-services.com\/","url":"https:\/\/ventolini-services.com\/","name":"Services de D\u00e9barras - Ventolini D\u00e9barras Services","isPartOf":{"@id":"https:\/\/ventolini-services.com\/#website"},"datePublished":"2024-05-30T15:23:34+00:00","dateModified":"2025-09-21T16:08:18+00:00","description":"Vous souhaitez vous d\u00e9barrasser d'encombrants ? Faites appel \u00e0 nos experts. Nous intervenons rapidement et discr\u00e8tement.","breadcrumb":{"@id":"https:\/\/ventolini-services.com\/#breadcrumb"},"inLanguage":"fr-FR","potentialAction":[{"@type":"ReadAction","target":["https:\/\/ventolini-services.com\/"]}]},{"@type":"BreadcrumbList","@id":"https:\/\/ventolini-services.com\/#breadcrumb","itemListElement":[{"@type":"ListItem","position":1,"name":"Accueil","item":"https:\/\/ventolini-services.com\/"},{"@type":"ListItem","position":2,"name":"Services de D\u00e9barras"}]},{"@type":"WebSite","@id":"https:\/\/ventolini-services.com\/#website","url":"https:\/\/ventolini-services.com\/","name":"Ventolini D\u00e9barras Services","description":"Un engagement \u00e0 votre service, votre partenaire de confiance pour particulier et professionnel.","publisher":{"@id":"https:\/\/ventolini-services.com\/#organization"},"alternateName":"vds","potentialAction":[{"@type":"SearchAction","target":{"@type":"EntryPoint","urlTemplate":"https:\/\/ventolini-services.com\/?s={search_term_string}"},"query-input":{"@type":"PropertyValueSpecification","valueRequired":true,"valueName":"search_term_string"}}],"inLanguage":"fr-FR"},{"@type":"Organization","@id":"https:\/\/ventolini-services.com\/#organization","name":"Ventolini D\u00e9barras Services","url":"https:\/\/ventolini-services.com\/","logo":{"@type":"ImageObject","inLanguage":"fr-FR","@id":"https:\/\/ventolini-services.com\/#\/schema\/logo\/image\/","url":"https:\/\/ventolini-services.com\/wp-content\/uploads\/2024\/05\/cropped-VDS-vignette1-1.png","contentUrl":"https:\/\/ventolini-services.com\/wp-content\/uploads\/2024\/05\/cropped-VDS-vignette1-1.png","width":250,"height":250,"caption":"Ventolini D\u00e9barras Services"},"image":{"@id":"https:\/\/ventolini-services.com\/#\/schema\/logo\/image\/"},"sameAs":["https:\/\/www.facebook.com\/VentoliniDebarrasServices"]}]}},"_links":{"self":[{"href":"https:\/\/ventolini-services.com\/index.php\/wp-json\/wp\/v2\/pages\/95","targetHints":{"allow":["GET"]}}],"collection":[{"href":"https:\/\/ventolini-services.com\/index.php\/wp-json\/wp\/v2\/pages"}],"about":[{"href":"https:\/\/ventolini-services.com\/index.php\/wp-json\/wp\/v2\/types\/page"}],"author":[{"embeddable":true,"href":"https:\/\/ventolini-services.com\/index.php\/wp-json\/wp\/v2\/users\/1"}],"replies":[{"embeddable":true,"href":"https:\/\/ventolini-services.com\/index.php\/wp-json\/wp\/v2\/comments?post=95"}],"version-history":[{"count":30,"href":"https:\/\/ventolini-services.com\/index.php\/wp-json\/wp\/v2\/pages\/95\/revisions"}],"predecessor-version":[{"id":417,"href":"https:\/\/ventolini-services.com\/index.php\/wp-json\/wp\/v2\/pages\/95\/revisions\/417"}],"wp:attachment":[{"href":"https:\/\/ventolini-services.com\/index.php\/wp-json\/wp\/v2\/media?parent=95"}],"curies":[{"name":"wp","href":"https:\/\/api.w.org\/{rel}","templated":true}]}}