{"id":81,"date":"2024-05-30T15:53:59","date_gmt":"2024-05-30T13:53:59","guid":{"rendered":"https:\/\/ventolini-services.com\/?page_id=81"},"modified":"2025-06-09T16:39:48","modified_gmt":"2025-06-09T14:39:48","slug":"service-de-nettoyage-extreme-logements-squattes-et-insalubres","status":"publish","type":"page","link":"https:\/\/ventolini-services.com\/index.php\/service-de-nettoyage-extreme-logements-squattes-et-insalubres\/","title":{"rendered":"Nettoyage \u00ab\u00a0Logements Squatt\u00e9s\u00a0\u00bb"},"content":{"rendered":"\n<p class=\"has-text-align-center has-luminous-vivid-orange-color has-text-color has-link-color has-medium-font-size wp-elements-b24132e96896c369111ffcf8d12be5f1\"><strong>NETTOYAGES EXTREMES<\/strong><\/p>\n\n\n\n<p>Vous avez un bien squatt\u00e9 devenu insalubre et vous recherchez des services de <strong>d\u00e9barras, nettoyage et r\u00e9novation<\/strong>, nous sommes \u00e0 votre service pour effectuer toutes ces t\u00e2ches et remettre en \u00e9tat votre logement.<\/p>\n\n\n\n<p>Nous vidons les d\u00e9chets et objets de toutes sortes, \u00e9liminons les salet\u00e9s du sol au plafond d\u00e9grad\u00e9s et souill\u00e9s, les traces de consommation de nicotine et de stup\u00e9fiants et nous \u00e9radiquons les infestations de nuisibles.<\/p>\n\n\n\n<p>Nous assurons que les lieux soient d\u00e9barrass\u00e9s de tous les&nbsp;objets potentiellement dangereux, nous d\u00e9truisons toute pr\u00e9sence de micro-organismes pathog\u00e8nes, tels que bact\u00e9ries, moisissure ou champignons&#8230; Et nous r\u00e9novons les lieux ab\u00eem\u00e9s et d\u00e9t\u00e9rior\u00e9s.<\/p>\n\n\n\n<p>Votre s\u00e9curit\u00e9 est notre priorit\u00e9, les lieux seront s\u00fbrs et sains apr\u00e8s notre intervention.<\/p>\n\n\n\n<figure class=\"wp-block-image size-full is-resized\"><img loading=\"lazy\" decoding=\"async\" width=\"1024\" height=\"768\" src=\"https:\/\/ventolini-services.com\/wp-content\/uploads\/2025\/02\/image.png\" alt=\"\" class=\"wp-image-516\" style=\"width:591px;height:auto\" srcset=\"https:\/\/ventolini-services.com\/wp-content\/uploads\/2025\/02\/image.png 1024w, https:\/\/ventolini-services.com\/wp-content\/uploads\/2025\/02\/image-300x225.png 300w, https:\/\/ventolini-services.com\/wp-content\/uploads\/2025\/02\/image-768x576.png 768w\" sizes=\"auto, (max-width: 767px) 89vw, (max-width: 1000px) 54vw, (max-width: 1071px) 543px, 580px\" \/><\/figure>\n\n\n\n<h3 class=\"wp-block-heading\"><\/h3>\n\n\n\n<p>D\u2019apr\u00e8s la loi, un lieu est insalubre quand il pr\u00e9sente un danger pour la sant\u00e9 des occupants en raison de son \u00e9tat ou des conditions d\u2019occupation.<\/p>\n\n\n\n<p>Le squat est l\u2019utilisation d\u2019un logement, d\u2019un b\u00e2timent pr\u00e9alablement laiss\u00e9 \u00e0 l\u2019abandon ou juste laiss\u00e9 inoccup\u00e9 un temps par des personnes qui n\u2019en ont pas l\u2019usage autoris\u00e9. Ceux-ci ne sont ni les&nbsp;<strong>propri\u00e9taires, ni les locataires attitr\u00e9s<\/strong>.<\/p>\n\n\n\n<p>Malheureusement, les squatteurs prennent rarement soin du lieu qu\u2019ils squattent. Il n\u2019est pas rare que cela devienne un repaire pour la consommation de drogue, un nid \u00e0 infections voire un lieu n\u00e9cessitant un <strong>nettoyage extr<\/strong><strong>\u00eame<\/strong>.<\/p>\n\n\n\n<p>Actuellement c\u2019est un huissier souvent accompagn\u00e9 de la police qui est en charge de signifier l\u2019ordonnance d\u2019expulsion.<\/p>\n\n\n\n<p>Souvent les lieux sont laiss\u00e9s dans un \u00e9tat lamentable, ne permettant pas l\u2019utilisation et l\u2019exploitation du bien directement ou la revente de celui-ci. Il n\u2019est pas rare de voir un monticule de d\u00e9chets jonch\u00e9 le sol, avec parfois des d\u00e9chets dangereux pour la sant\u00e9,&nbsp; difficiles \u00e0 \u00e9vacuer.<\/p>\n\n\n\n<p><strong>Un logement squatt\u00e9<\/strong> en \u00e9tat d\u2019insalubrit\u00e9 nuit \u00e0 la sant\u00e9 mais aussi \u00e0 environnement et peut envahir le voisinage ou un immeuble entier en passant par les conduits ou les ext\u00e9rieurs.<\/p>\n\n\n\n<p>C\u2019est pourquoi il est pr\u00e9f\u00e9rable d\u2019agir tr\u00e8s vite et efficacement avec des prestations compl\u00e8tes.<\/p>\n\n\n\n<p>L\u2019objectif de nos services d\u2019experts est de remettre un lieu en \u00e9tat, d\u00e9sencombr\u00e9 et propre, parfaitement nettoy\u00e9 et assainie, et le r\u00e9habiliter par une remise en conformit\u00e9, apr\u00e8s un squat ou suite \u00e0 une expulsion.<\/p>\n\n\n\n<figure class=\"wp-block-image size-full is-resized\"><img loading=\"lazy\" decoding=\"async\" width=\"612\" height=\"408\" src=\"https:\/\/ventolini-services.com\/wp-content\/uploads\/2024\/07\/istockphoto-472092801-612x612-1.jpg\" alt=\"\" class=\"wp-image-391\" style=\"width:614px;height:auto\" srcset=\"https:\/\/ventolini-services.com\/wp-content\/uploads\/2024\/07\/istockphoto-472092801-612x612-1.jpg 612w, https:\/\/ventolini-services.com\/wp-content\/uploads\/2024\/07\/istockphoto-472092801-612x612-1-300x200.jpg 300w\" sizes=\"auto, (max-width: 612px) 100vw, 612px\" \/><\/figure>\n\n\n\n<p class=\"has-luminous-vivid-orange-color has-text-color has-link-color wp-elements-a6a679dce356b1f88d29eb5fe55765f0\"><strong>DEBARRAS DECHETS&nbsp;:<\/strong><\/p>\n\n\n\n<p>Nous nous occupons de l\u2019<strong>\u00e9vacuation des d\u00e9chets<\/strong> quels qu\u2019ils soient&nbsp;: qu\u2019il s\u2019agisse de gros volumes et de charges, de d\u00e9chets contamin\u00e9s, d\u2019excr\u00e9ments ou de d\u00e9chets pr\u00e9sentant un danger potentiel.<\/p>\n\n\n\n<p>Nous disposons de tout le mat\u00e9riel n\u00e9cessaire pour proc\u00e9der \u00e0 un&nbsp;d\u00e9blaiement total, du tri et d\u00e9montage, et du chargement au transport vers les fili\u00e8res agr\u00e9es.<\/p>\n\n\n\n<p>Nous vous d\u00e9barrassons de tous les d\u00e9chets et d\u00e9tritus abandonn\u00e9s par les squatteurs avant de proc\u00e9der \u00e0 un nettoyage et un assainissement en profondeur.<\/p>\n\n\n\n<figure class=\"wp-block-image size-full\"><img loading=\"lazy\" decoding=\"async\" width=\"612\" height=\"408\" src=\"https:\/\/ventolini-services.com\/wp-content\/uploads\/2024\/07\/istockphoto-97688596-612x612-1.jpg\" alt=\"\" class=\"wp-image-405\" srcset=\"https:\/\/ventolini-services.com\/wp-content\/uploads\/2024\/07\/istockphoto-97688596-612x612-1.jpg 612w, https:\/\/ventolini-services.com\/wp-content\/uploads\/2024\/07\/istockphoto-97688596-612x612-1-300x200.jpg 300w\" sizes=\"auto, (max-width: 612px) 100vw, 612px\" \/><\/figure>\n\n\n\n<p class=\"has-luminous-vivid-orange-color has-text-color has-link-color wp-elements-73484949fd90db8e7bb84a1e2f472f2e\"><strong>NETTOYAGES EXTREMES&nbsp;:<\/strong><\/p>\n\n\n\n<p>Nous pouvons proc\u00e9der \u00e0 une&nbsp;<strong>op\u00e9ration \u00ab&nbsp;grand nettoyage&nbsp;\u00bb<\/strong>&nbsp;en prenant toutes les pr\u00e9cautions pour s\u00e9curiser les lieux et les rendre \u00e0 nouveau sain.<\/p>\n\n\n\n<p>Notre entreprise s\u2019occupe principalement des&nbsp;nettoyages sp\u00e9cialis\u00e9s, tels que la d\u00e9sinfection, la d\u00e9contamination, la d\u00e9sinsectisation et la d\u00e9ratisation.<\/p>\n\n\n\n<p>Notre personnel est form\u00e9 au port des EPIs et \u00e0 l\u2019utilisation des biocides.<\/p>\n\n\n\n<p>Nous proc\u00e9dons \u00e0 un nettoyage approfondi du sol au plafond, des murs, des escaliers, des portes et poign\u00e9es, des fen\u00eatres, garde-corps et balustrade, des balcons et terrasses, des volets et stores, des plinthes et interrupteurs, des grilles de ventilation et climatiseurs, des radiateurs et chemin\u00e9es, des poutres&#8230; et de tout mobilier int\u00e9gr\u00e9, placards, luminaires, po\u00eale, robinetterie, sanitaire ( \u00e9vier, baignoire, WC&#8230;).<\/p>\n\n\n\n<p>Cette proc\u00e9dure vous permettra de pouvoir jouir du bien \u00e0 nouveau et vous \u00e9vitera de prendre des risques pour votre sant\u00e9 ou celle des futurs occupants.<\/p>\n\n\n\n<p class=\"has-luminous-vivid-orange-color has-text-color has-link-color wp-elements-14510b83b3da946cba6ba8aaab9b13a5\"><strong>RESTAURATION ET RENOVATION&nbsp;:<\/strong><\/p>\n\n\n\n<p>Nous proposons le confort d\u2019une prestation compl\u00e8te avec aussi des <strong>services de restauration de meuble et de r\u00e9novation<\/strong>, comme le rev\u00eatement de sol, parquet, moquette, dalle et carrelage, ou le rafra\u00eechissement des murs d\u00e9t\u00e9rior\u00e9s, peinture, enduit, lessivage&#8230;<\/p>\n\n\n\n<p><strong>N&rsquo;h\u00e9sitez pas \u00e0 nous contacter pour une demande de devis gratuit sans frais de d\u00e9placement ou pour toute information compl\u00e9mentaire<\/strong>.&nbsp;<strong>La gestion du nettoyage est effectu\u00e9e par le partenaire EMA SERVICES.<\/strong><\/p>\n\n\n\n<figure class=\"wp-block-image size-large is-resized\"><img loading=\"lazy\" decoding=\"async\" width=\"1024\" height=\"429\" src=\"http:\/\/ventolini-services.com\/wp-content\/uploads\/2025\/04\/ema-complet-noir-paysage-1024x429.png\" alt=\"\" class=\"wp-image-541\" style=\"width:181px;height:auto\" srcset=\"https:\/\/ventolini-services.com\/wp-content\/uploads\/2025\/04\/ema-complet-noir-paysage-1024x429.png 1024w, https:\/\/ventolini-services.com\/wp-content\/uploads\/2025\/04\/ema-complet-noir-paysage-300x126.png 300w, https:\/\/ventolini-services.com\/wp-content\/uploads\/2025\/04\/ema-complet-noir-paysage-768x322.png 768w, https:\/\/ventolini-services.com\/wp-content\/uploads\/2025\/04\/ema-complet-noir-paysage.png 1076w\" sizes=\"auto, (max-width: 767px) 89vw, (max-width: 1000px) 54vw, (max-width: 1071px) 543px, 580px\" \/><\/figure>\n\n\n\n<div class=\"wp-block-group\"><div class=\"wp-block-group__inner-container is-layout-constrained wp-block-group-is-layout-constrained\">\n<div class=\"wp-block-buttons is-layout-flex wp-block-buttons-is-layout-flex\">\n<div class=\"wp-block-button has-custom-width wp-block-button__width-50 is-style-fill\"><a class=\"wp-block-button__link has-luminous-vivid-orange-background-color has-background wp-element-button\" href=\"tel:0624568524\">06.24.56.85.24<\/a><\/div>\n\n\n\n<div class=\"wp-block-button has-custom-width wp-block-button__width-50\"><a class=\"wp-block-button__link has-luminous-vivid-orange-background-color has-background wp-element-button\" href=\"https:\/\/ventolini-services.com\/index.php\/contact#24h\">Demandez votre devis<\/a><\/div>\n<\/div>\n<\/div><\/div>\n\n\n\n<p><\/p>\n\n\n\n<p class=\"has-luminous-vivid-orange-color has-text-color has-link-color has-small-font-size wp-elements-6186c987078df331a4d57dfce1eb1799\"><strong><em>V.D.S &amp; E.M.A, un partenariat Service Client adapt\u00e9&nbsp;:<\/em><\/strong><\/p>\n\n\n\n<ul class=\"wp-block-list has-cyan-bluish-gray-color has-text-color has-link-color has-small-font-size wp-elements-14c6620e073cd10357d5acc449bd34ba\">\n<li><strong>Service de proximit\u00e9 sur toute la r\u00e9gion PACA<\/strong><\/li>\n\n\n\n<li><strong>Devis et d\u00e9placement gratuits sous 12h<\/strong><\/li>\n\n\n\n<li><strong>Disponible 7j\/7 et intervention rapide sous 24h<\/strong><\/li>\n\n\n\n<li><strong>D\u00e9barras et nettoyage complet ou sur mesure<\/strong><\/li>\n\n\n\n<li><strong>Sp\u00e9cialiste des acc\u00e8s difficiles<\/strong><\/li>\n\n\n\n<li><strong>Utilisation de mat\u00e9riels et v\u00e9hicules adapt\u00e9s<\/strong><\/li>\n\n\n\n<li><strong>Un tri responsable et respect des normes environnementales<\/strong><\/li>\n\n\n\n<li><strong>\u00c9quipe de professionnels des nettoyages extr\u00eames<\/strong><\/li>\n\n\n\n<li><strong>Nettoyage apr\u00e8s chaque intervention<\/strong><\/li>\n\n\n\n<li><strong>Un service cl\u00e9 en main d\u2019un travail soign\u00e9 et discr\u00e9tion assur\u00e9e<\/strong><\/li>\n<\/ul>\n","protected":false},"excerpt":{"rendered":"<p>NETTOYAGES EXTREMES Vous avez un bien squatt\u00e9 devenu insalubre et vous recherchez des services de d\u00e9barras, nettoyage et r\u00e9novation, nous sommes \u00e0 votre service pour effectuer toutes ces t\u00e2ches et remettre en \u00e9tat votre logement. Nous vidons les d\u00e9chets et objets de toutes sortes, \u00e9liminons les salet\u00e9s du sol au plafond d\u00e9grad\u00e9s et souill\u00e9s, les &hellip; <\/p>\n<p class=\"link-more\"><a href=\"https:\/\/ventolini-services.com\/index.php\/service-de-nettoyage-extreme-logements-squattes-et-insalubres\/\" class=\"more-link\">Continuer la lecture<span class=\"screen-reader-text\"> de &laquo;&nbsp;Nettoyage \u00ab\u00a0Logements Squatt\u00e9s\u00a0\u00bb&nbsp;&raquo;<\/span><\/a><\/p>\n","protected":false},"author":1,"featured_media":403,"parent":0,"menu_order":0,"comment_status":"closed","ping_status":"closed","template":"","meta":{"footnotes":""},"class_list":["post-81","page","type-page","status-publish","has-post-thumbnail","hentry"],"yoast_head":"<!-- This site is optimized with the Yoast SEO plugin v23.6 - https:\/\/yoast.com\/wordpress\/plugins\/seo\/ -->\n<title>Nettoyage &quot;Logements Squatt\u00e9s&quot; - Ventolini D\u00e9barras Services<\/title>\n<meta name=\"description\" content=\"Gestion de crise apr\u00e8s squat et expulsion : nettoyage et d\u00e9sinfection professionnels et remise en \u00e9tat rapide pour une relocation imm\u00e9diate.\" \/>\n<meta name=\"robots\" content=\"index, follow, max-snippet:-1, max-image-preview:large, max-video-preview:-1\" \/>\n<link rel=\"canonical\" href=\"https:\/\/ventolini-services.com\/index.php\/service-de-nettoyage-extreme-logements-squattes-et-insalubres\/\" \/>\n<meta property=\"og:locale\" content=\"fr_FR\" \/>\n<meta property=\"og:type\" content=\"article\" \/>\n<meta property=\"og:title\" content=\"Nettoyage &quot;Logements Squatt\u00e9s&quot; - Ventolini D\u00e9barras Services\" \/>\n<meta property=\"og:description\" content=\"Gestion de crise apr\u00e8s squat et expulsion : nettoyage et d\u00e9sinfection professionnels et remise en \u00e9tat rapide pour une relocation imm\u00e9diate.\" \/>\n<meta property=\"og:url\" content=\"https:\/\/ventolini-services.com\/index.php\/service-de-nettoyage-extreme-logements-squattes-et-insalubres\/\" \/>\n<meta property=\"og:site_name\" content=\"Ventolini D\u00e9barras Services\" \/>\n<meta property=\"article:publisher\" content=\"https:\/\/www.facebook.com\/VentoliniDebarrasServices\" \/>\n<meta property=\"article:modified_time\" content=\"2025-06-09T14:39:48+00:00\" \/>\n<meta property=\"og:image\" content=\"http:\/\/ventolini-services.com\/wp-content\/uploads\/2024\/07\/istockphoto-974321652-612x612-1.jpg\" \/>\n\t<meta property=\"og:image:width\" content=\"612\" \/>\n\t<meta property=\"og:image:height\" content=\"408\" \/>\n\t<meta property=\"og:image:type\" content=\"image\/jpeg\" \/>\n<meta name=\"twitter:card\" content=\"summary_large_image\" \/>\n<meta name=\"twitter:label1\" content=\"Dur\u00e9e de lecture estim\u00e9e\" \/>\n\t<meta name=\"twitter:data1\" content=\"5 minutes\" \/>\n<script type=\"application\/ld+json\" class=\"yoast-schema-graph\">{\"@context\":\"https:\/\/schema.org\",\"@graph\":[{\"@type\":\"WebPage\",\"@id\":\"https:\/\/ventolini-services.com\/index.php\/service-de-nettoyage-extreme-logements-squattes-et-insalubres\/\",\"url\":\"https:\/\/ventolini-services.com\/index.php\/service-de-nettoyage-extreme-logements-squattes-et-insalubres\/\",\"name\":\"Nettoyage \\\"Logements Squatt\u00e9s\\\" - Ventolini D\u00e9barras Services\",\"isPartOf\":{\"@id\":\"https:\/\/ventolini-services.com\/#website\"},\"primaryImageOfPage\":{\"@id\":\"https:\/\/ventolini-services.com\/index.php\/service-de-nettoyage-extreme-logements-squattes-et-insalubres\/#primaryimage\"},\"image\":{\"@id\":\"https:\/\/ventolini-services.com\/index.php\/service-de-nettoyage-extreme-logements-squattes-et-insalubres\/#primaryimage\"},\"thumbnailUrl\":\"https:\/\/ventolini-services.com\/wp-content\/uploads\/2024\/07\/istockphoto-974321652-612x612-1.jpg\",\"datePublished\":\"2024-05-30T13:53:59+00:00\",\"dateModified\":\"2025-06-09T14:39:48+00:00\",\"description\":\"Gestion de crise apr\u00e8s squat et expulsion : nettoyage et d\u00e9sinfection professionnels et remise en \u00e9tat rapide pour une relocation imm\u00e9diate.\",\"breadcrumb\":{\"@id\":\"https:\/\/ventolini-services.com\/index.php\/service-de-nettoyage-extreme-logements-squattes-et-insalubres\/#breadcrumb\"},\"inLanguage\":\"fr-FR\",\"potentialAction\":[{\"@type\":\"ReadAction\",\"target\":[\"https:\/\/ventolini-services.com\/index.php\/service-de-nettoyage-extreme-logements-squattes-et-insalubres\/\"]}]},{\"@type\":\"ImageObject\",\"inLanguage\":\"fr-FR\",\"@id\":\"https:\/\/ventolini-services.com\/index.php\/service-de-nettoyage-extreme-logements-squattes-et-insalubres\/#primaryimage\",\"url\":\"https:\/\/ventolini-services.com\/wp-content\/uploads\/2024\/07\/istockphoto-974321652-612x612-1.jpg\",\"contentUrl\":\"https:\/\/ventolini-services.com\/wp-content\/uploads\/2024\/07\/istockphoto-974321652-612x612-1.jpg\",\"width\":612,\"height\":408,\"caption\":\"Burned interiors after fire in industrial or office building. Walls and staircase in black soot.\"},{\"@type\":\"BreadcrumbList\",\"@id\":\"https:\/\/ventolini-services.com\/index.php\/service-de-nettoyage-extreme-logements-squattes-et-insalubres\/#breadcrumb\",\"itemListElement\":[{\"@type\":\"ListItem\",\"position\":1,\"name\":\"Accueil\",\"item\":\"https:\/\/ventolini-services.com\/\"},{\"@type\":\"ListItem\",\"position\":2,\"name\":\"Nettoyage \u00ab\u00a0Logements Squatt\u00e9s\u00a0\u00bb\"}]},{\"@type\":\"WebSite\",\"@id\":\"https:\/\/ventolini-services.com\/#website\",\"url\":\"https:\/\/ventolini-services.com\/\",\"name\":\"Ventolini D\u00e9barras Services\",\"description\":\"Un engagement \u00e0 votre service, votre partenaire de confiance pour particulier et professionnel.\",\"publisher\":{\"@id\":\"https:\/\/ventolini-services.com\/#organization\"},\"alternateName\":\"vds\",\"potentialAction\":[{\"@type\":\"SearchAction\",\"target\":{\"@type\":\"EntryPoint\",\"urlTemplate\":\"https:\/\/ventolini-services.com\/?s={search_term_string}\"},\"query-input\":{\"@type\":\"PropertyValueSpecification\",\"valueRequired\":true,\"valueName\":\"search_term_string\"}}],\"inLanguage\":\"fr-FR\"},{\"@type\":\"Organization\",\"@id\":\"https:\/\/ventolini-services.com\/#organization\",\"name\":\"Ventolini D\u00e9barras Services\",\"url\":\"https:\/\/ventolini-services.com\/\",\"logo\":{\"@type\":\"ImageObject\",\"inLanguage\":\"fr-FR\",\"@id\":\"https:\/\/ventolini-services.com\/#\/schema\/logo\/image\/\",\"url\":\"https:\/\/ventolini-services.com\/wp-content\/uploads\/2024\/05\/cropped-VDS-vignette1-1.png\",\"contentUrl\":\"https:\/\/ventolini-services.com\/wp-content\/uploads\/2024\/05\/cropped-VDS-vignette1-1.png\",\"width\":250,\"height\":250,\"caption\":\"Ventolini D\u00e9barras Services\"},\"image\":{\"@id\":\"https:\/\/ventolini-services.com\/#\/schema\/logo\/image\/\"},\"sameAs\":[\"https:\/\/www.facebook.com\/VentoliniDebarrasServices\"]}]}<\/script>\n<!-- \/ Yoast SEO plugin. -->","yoast_head_json":{"title":"Nettoyage \"Logements Squatt\u00e9s\" - Ventolini D\u00e9barras Services","description":"Gestion de crise apr\u00e8s squat et expulsion : nettoyage et d\u00e9sinfection professionnels et remise en \u00e9tat rapide pour une relocation imm\u00e9diate.","robots":{"index":"index","follow":"follow","max-snippet":"max-snippet:-1","max-image-preview":"max-image-preview:large","max-video-preview":"max-video-preview:-1"},"canonical":"https:\/\/ventolini-services.com\/index.php\/service-de-nettoyage-extreme-logements-squattes-et-insalubres\/","og_locale":"fr_FR","og_type":"article","og_title":"Nettoyage \"Logements Squatt\u00e9s\" - Ventolini D\u00e9barras Services","og_description":"Gestion de crise apr\u00e8s squat et expulsion : nettoyage et d\u00e9sinfection professionnels et remise en \u00e9tat rapide pour une relocation imm\u00e9diate.","og_url":"https:\/\/ventolini-services.com\/index.php\/service-de-nettoyage-extreme-logements-squattes-et-insalubres\/","og_site_name":"Ventolini D\u00e9barras Services","article_publisher":"https:\/\/www.facebook.com\/VentoliniDebarrasServices","article_modified_time":"2025-06-09T14:39:48+00:00","og_image":[{"width":612,"height":408,"url":"http:\/\/ventolini-services.com\/wp-content\/uploads\/2024\/07\/istockphoto-974321652-612x612-1.jpg","type":"image\/jpeg"}],"twitter_card":"summary_large_image","twitter_misc":{"Dur\u00e9e de lecture estim\u00e9e":"5 minutes"},"schema":{"@context":"https:\/\/schema.org","@graph":[{"@type":"WebPage","@id":"https:\/\/ventolini-services.com\/index.php\/service-de-nettoyage-extreme-logements-squattes-et-insalubres\/","url":"https:\/\/ventolini-services.com\/index.php\/service-de-nettoyage-extreme-logements-squattes-et-insalubres\/","name":"Nettoyage \"Logements Squatt\u00e9s\" - Ventolini D\u00e9barras Services","isPartOf":{"@id":"https:\/\/ventolini-services.com\/#website"},"primaryImageOfPage":{"@id":"https:\/\/ventolini-services.com\/index.php\/service-de-nettoyage-extreme-logements-squattes-et-insalubres\/#primaryimage"},"image":{"@id":"https:\/\/ventolini-services.com\/index.php\/service-de-nettoyage-extreme-logements-squattes-et-insalubres\/#primaryimage"},"thumbnailUrl":"https:\/\/ventolini-services.com\/wp-content\/uploads\/2024\/07\/istockphoto-974321652-612x612-1.jpg","datePublished":"2024-05-30T13:53:59+00:00","dateModified":"2025-06-09T14:39:48+00:00","description":"Gestion de crise apr\u00e8s squat et expulsion : nettoyage et d\u00e9sinfection professionnels et remise en \u00e9tat rapide pour une relocation imm\u00e9diate.","breadcrumb":{"@id":"https:\/\/ventolini-services.com\/index.php\/service-de-nettoyage-extreme-logements-squattes-et-insalubres\/#breadcrumb"},"inLanguage":"fr-FR","potentialAction":[{"@type":"ReadAction","target":["https:\/\/ventolini-services.com\/index.php\/service-de-nettoyage-extreme-logements-squattes-et-insalubres\/"]}]},{"@type":"ImageObject","inLanguage":"fr-FR","@id":"https:\/\/ventolini-services.com\/index.php\/service-de-nettoyage-extreme-logements-squattes-et-insalubres\/#primaryimage","url":"https:\/\/ventolini-services.com\/wp-content\/uploads\/2024\/07\/istockphoto-974321652-612x612-1.jpg","contentUrl":"https:\/\/ventolini-services.com\/wp-content\/uploads\/2024\/07\/istockphoto-974321652-612x612-1.jpg","width":612,"height":408,"caption":"Burned interiors after fire in industrial or office building. Walls and staircase in black soot."},{"@type":"BreadcrumbList","@id":"https:\/\/ventolini-services.com\/index.php\/service-de-nettoyage-extreme-logements-squattes-et-insalubres\/#breadcrumb","itemListElement":[{"@type":"ListItem","position":1,"name":"Accueil","item":"https:\/\/ventolini-services.com\/"},{"@type":"ListItem","position":2,"name":"Nettoyage \u00ab\u00a0Logements Squatt\u00e9s\u00a0\u00bb"}]},{"@type":"WebSite","@id":"https:\/\/ventolini-services.com\/#website","url":"https:\/\/ventolini-services.com\/","name":"Ventolini D\u00e9barras Services","description":"Un engagement \u00e0 votre service, votre partenaire de confiance pour particulier et professionnel.","publisher":{"@id":"https:\/\/ventolini-services.com\/#organization"},"alternateName":"vds","potentialAction":[{"@type":"SearchAction","target":{"@type":"EntryPoint","urlTemplate":"https:\/\/ventolini-services.com\/?s={search_term_string}"},"query-input":{"@type":"PropertyValueSpecification","valueRequired":true,"valueName":"search_term_string"}}],"inLanguage":"fr-FR"},{"@type":"Organization","@id":"https:\/\/ventolini-services.com\/#organization","name":"Ventolini D\u00e9barras Services","url":"https:\/\/ventolini-services.com\/","logo":{"@type":"ImageObject","inLanguage":"fr-FR","@id":"https:\/\/ventolini-services.com\/#\/schema\/logo\/image\/","url":"https:\/\/ventolini-services.com\/wp-content\/uploads\/2024\/05\/cropped-VDS-vignette1-1.png","contentUrl":"https:\/\/ventolini-services.com\/wp-content\/uploads\/2024\/05\/cropped-VDS-vignette1-1.png","width":250,"height":250,"caption":"Ventolini D\u00e9barras Services"},"image":{"@id":"https:\/\/ventolini-services.com\/#\/schema\/logo\/image\/"},"sameAs":["https:\/\/www.facebook.com\/VentoliniDebarrasServices"]}]}},"_links":{"self":[{"href":"https:\/\/ventolini-services.com\/index.php\/wp-json\/wp\/v2\/pages\/81","targetHints":{"allow":["GET"]}}],"collection":[{"href":"https:\/\/ventolini-services.com\/index.php\/wp-json\/wp\/v2\/pages"}],"about":[{"href":"https:\/\/ventolini-services.com\/index.php\/wp-json\/wp\/v2\/types\/page"}],"author":[{"embeddable":true,"href":"https:\/\/ventolini-services.com\/index.php\/wp-json\/wp\/v2\/users\/1"}],"replies":[{"embeddable":true,"href":"https:\/\/ventolini-services.com\/index.php\/wp-json\/wp\/v2\/comments?post=81"}],"version-history":[{"count":15,"href":"https:\/\/ventolini-services.com\/index.php\/wp-json\/wp\/v2\/pages\/81\/revisions"}],"predecessor-version":[{"id":594,"href":"https:\/\/ventolini-services.com\/index.php\/wp-json\/wp\/v2\/pages\/81\/revisions\/594"}],"wp:featuredmedia":[{"embeddable":true,"href":"https:\/\/ventolini-services.com\/index.php\/wp-json\/wp\/v2\/media\/403"}],"wp:attachment":[{"href":"https:\/\/ventolini-services.com\/index.php\/wp-json\/wp\/v2\/media?parent=81"}],"curies":[{"name":"wp","href":"https:\/\/api.w.org\/{rel}","templated":true}]}}