{"id":79,"date":"2024-05-30T15:52:16","date_gmt":"2024-05-30T13:52:16","guid":{"rendered":"https:\/\/ventolini-services.com\/?page_id=79"},"modified":"2025-06-09T16:38:49","modified_gmt":"2025-06-09T14:38:49","slug":"service-de-nettoyage-et-decontamination-apres-sinistre","status":"publish","type":"page","link":"https:\/\/ventolini-services.com\/index.php\/service-de-nettoyage-et-decontamination-apres-sinistre\/","title":{"rendered":"D\u00e9contamination \u00ab\u00a0Apr\u00e8s Sinistre\u00a0\u00bb"},"content":{"rendered":"\n<p class=\"has-text-align-center has-luminous-vivid-orange-color has-text-color has-link-color has-medium-font-size wp-elements-b24132e96896c369111ffcf8d12be5f1\"><strong>NETTOYAGES EXTREMES<\/strong><\/p>\n\n\n\n<p>Le nettoyage apr\u00e8s sinistre, qu&rsquo;il s&rsquo;agisse d&rsquo;incendies, d&rsquo;inondations ou de d\u00e9g\u00e2ts des eaux, est une \u00e9tape cruciale pour la remise en \u00e9tat d&rsquo;un logement et la s\u00e9curit\u00e9 de ses occupants. Face \u00e0 ces situations complexes, il est essentiel de comprendre les cons\u00e9quences des sinistres, les \u00e9tapes cl\u00e9s de la d\u00e9contamination et les solutions professionnelles disponibles.<\/p>\n\n\n\n<h2 class=\"wp-block-heading has-luminous-vivid-orange-color has-text-color has-link-color wp-elements-0d35c278295a8051f162e09b1a3fb558\"><strong>Les diff\u00e9rents types de sinistres et leurs cons\u00e9quences&nbsp;:<\/strong><\/h2>\n\n\n\n<p>Apr\u00e8s un incendie ou une inondation, des protocoles de nettoyage sp\u00e9cifiques sont imp\u00e9ratifs pour garantir la s\u00e9curit\u00e9 et l&rsquo;hygi\u00e8ne. Ces interventions requi\u00e8rent des professionnels qualifi\u00e9s, capables de g\u00e9rer les risques (coupure de courant, d\u00e9tection de substances toxiques, port d&rsquo;\u00e9quipements de protection).<\/p>\n\n\n\n<p class=\"has-medium-font-size\"><strong>Nettoyage apr\u00e8s un incendie&nbsp;:<\/strong><\/p>\n\n\n\n<p>Les&nbsp;incendies&nbsp;causent des d\u00e9g\u00e2ts importants dans un logement. Outre la destruction par les flammes, la&nbsp;fum\u00e9e&nbsp;et la&nbsp;suie&nbsp;laissent des traces noires sur les murs, plafonds, meubles et sols. L&rsquo;odeur persistante peut rendre l&rsquo;espace inhabitable et nocif pour la sant\u00e9.<\/p>\n\n\n\n<p>La premi\u00e8re \u00e9tape consiste en l\u2019enl\u00e8vement des mat\u00e9riels br\u00fbl\u00e9s et des r\u00e9sidus. On s\u2019occupe ensuite d\u2019enlever la suie par sablage, brossage ou nettoyage cryog\u00e9nique. Nous proc\u00e9dons au nettoyage et \u00e0 la d\u00e9contamination de toutes les surfaces (murs, sols, plafonds, mobilier, boiseries, rev\u00eatements muraux\u2026).<\/p>\n\n\n\n<p>Il est \u00e9galement important de purifier l\u2019air des odeurs et \u00e9manations toxiques (r\u00e9sidus plastiques, amiante\u2026). On peut utiliser des assainisseurs d\u2019air ou des d\u00e9tergents sp\u00e9cifiques.<\/p>\n\n\n\n<p>Le co\u00fbt d&rsquo;une remise en \u00e9tat apr\u00e8s incendie varie selon l&rsquo;\u00e9tendue des d\u00e9g\u00e2ts (200 \u20ac \u00e0 2 000 \u20ac\/m\u00b2). Bien qu&rsquo;aucun agr\u00e9ment sp\u00e9cifique ne soit requis, l&rsquo;expertise d&rsquo;une entreprise sp\u00e9cialis\u00e9e est fortement recommand\u00e9e.<\/p>\n\n\n\n<figure class=\"wp-block-image size-full is-resized\"><img loading=\"lazy\" decoding=\"async\" width=\"612\" height=\"407\" src=\"https:\/\/ventolini-services.com\/wp-content\/uploads\/2024\/07\/istockphoto-178857277-612x612-1.jpg\" alt=\"incendie\" class=\"wp-image-372\" style=\"width:612px;height:auto\" srcset=\"https:\/\/ventolini-services.com\/wp-content\/uploads\/2024\/07\/istockphoto-178857277-612x612-1.jpg 612w, https:\/\/ventolini-services.com\/wp-content\/uploads\/2024\/07\/istockphoto-178857277-612x612-1-300x200.jpg 300w\" sizes=\"auto, (max-width: 612px) 100vw, 612px\" \/><\/figure>\n\n\n\n<h3 class=\"wp-block-heading has-medium-font-size\"><strong>Nettoyage apr\u00e8s une inondation ou un d\u00e9g\u00e2t des eaux<\/strong>&nbsp;:<\/h3>\n\n\n\n<p>Les inondations et d\u00e9g\u00e2ts des eaux entra\u00eenent des probl\u00e8mes li\u00e9s \u00e0 l&rsquo;eau, comme l\u2019humidit\u00e9, la moisissure, la prolif\u00e9ration de bact\u00e9ries et la d\u00e9t\u00e9rioration des mat\u00e9riaux. Les zones touch\u00e9es peuvent \u00eatre dangereuses pour la sant\u00e9 des occupants si elles ne sont pas correctement assainies. Une d\u00e9contamination compl\u00e8te est n\u00e9cessaire pour pr\u00e9venir des risques sanitaires.<\/p>\n\n\n\n<p>Apr\u00e8s l\u2019enl\u00e8vement des \u00e9quipements d\u00e9t\u00e9rior\u00e9s et l\u2019aspiration de l\u2019eau avec des pompes et des aspirateurs sp\u00e9cifiques, nous proc\u00e9dons \u00e0 la d\u00e9sinfection compl\u00e8te des lieux et \u00e0 leur d\u00e9shumidification. On s\u2019occupe \u00e9galement du nettoyage des murs et des meubles inamovibles.<\/p>\n\n\n\n<p>Compter de 30 \u20ac \u00e0 70 \u20ac du m2 pour une remise en \u00e9tat apr\u00e8s inondation.<\/p>\n\n\n\n<figure class=\"wp-block-image size-full\"><img loading=\"lazy\" decoding=\"async\" width=\"612\" height=\"408\" src=\"https:\/\/ventolini-services.com\/wp-content\/uploads\/2024\/07\/istockphoto-1413768316-612x612-1.jpg\" alt=\"innondation\" class=\"wp-image-381\" srcset=\"https:\/\/ventolini-services.com\/wp-content\/uploads\/2024\/07\/istockphoto-1413768316-612x612-1.jpg 612w, https:\/\/ventolini-services.com\/wp-content\/uploads\/2024\/07\/istockphoto-1413768316-612x612-1-300x200.jpg 300w\" sizes=\"auto, (max-width: 612px) 100vw, 612px\" \/><\/figure>\n\n\n\n<h2 class=\"wp-block-heading has-luminous-vivid-orange-color has-text-color has-link-color wp-elements-cb8504bdb2c2d8af93d726150558f9f0\"><strong>Les \u00e9tapes cl\u00e9s du nettoyage apr\u00e8s sinistre&nbsp;:<\/strong><\/h2>\n\n\n\n<h3 class=\"wp-block-heading has-medium-font-size\"><strong>\u00c9valuation des d\u00e9g\u00e2ts et \u00e9laboration d&rsquo;un plan d&rsquo;action&nbsp;:<\/strong><\/h3>\n\n\n\n<p>Une \u00e9valuation pr\u00e9cise des dommages est la premi\u00e8re \u00e9tape, souvent r\u00e9alis\u00e9e par un expert. Un plan d&rsquo;action adapt\u00e9 au sinistre est ensuite \u00e9labor\u00e9.<\/p>\n\n\n\n<h3 class=\"wp-block-heading has-medium-font-size\"><strong>S\u00e9curisation et protection des lieux&nbsp;:<\/strong><\/h3>\n\n\n\n<p>La s\u00e9curisation des lieux est primordiale : protection des zones non touch\u00e9es, tri des biens r\u00e9cup\u00e9rables ou pouvant \u00eatre restaur\u00e9s et pr\u00e9vention des accidents.<\/p>\n\n\n\n<h3 class=\"wp-block-heading has-medium-font-size\"><strong>Nettoyage, d\u00e9sinfection et d\u00e9contamination&nbsp;:<\/strong><\/h3>\n\n\n\n<p>Cette \u00e9tape comprend le retrait et le d\u00e9barras des d\u00e9bris, l&rsquo;extraction de suie ou de boue, l&rsquo;ass\u00e8chement, la d\u00e9sinfection des surfaces et la d\u00e9contamination de l&rsquo;air et des objets. Cette \u00e9tape est essentielle pour pr\u00e9venir les risques sanitaires et rendre le logement de nouveau habitable.<\/p>\n\n\n\n<figure class=\"wp-block-image size-full\"><img loading=\"lazy\" decoding=\"async\" width=\"612\" height=\"408\" src=\"https:\/\/ventolini-services.com\/wp-content\/uploads\/2024\/07\/istockphoto-155150387-612x612-1.jpg\" alt=\"incendie\" class=\"wp-image-371\" srcset=\"https:\/\/ventolini-services.com\/wp-content\/uploads\/2024\/07\/istockphoto-155150387-612x612-1.jpg 612w, https:\/\/ventolini-services.com\/wp-content\/uploads\/2024\/07\/istockphoto-155150387-612x612-1-300x200.jpg 300w\" sizes=\"auto, (max-width: 612px) 100vw, 612px\" \/><\/figure>\n\n\n\n<h2 class=\"wp-block-heading has-luminous-vivid-orange-color has-text-color has-link-color wp-elements-9fdf9219af42473f534f350840313fd4\"><strong>Techniques et \u00e9quipements pour le nettoyage apr\u00e8s sinistre&nbsp;:<\/strong><\/h2>\n\n\n\n<h3 class=\"wp-block-heading has-medium-font-size\"><strong>Nettoyage manuel et m\u00e9canique&nbsp;:<\/strong><\/h3>\n\n\n\n<p>Le nettoyage manuel consiste \u00e0 enlever les d\u00e9bris et les d\u00e9g\u00e2ts de suie ou de boue \u00e0 l&rsquo;aide d&rsquo;outils comme des brosses, \u00e9ponges ou aspirateurs. Le nettoyage m\u00e9canique est plus complexe et utilise des machines sp\u00e9cifiques pour retirer les traces d&rsquo;eau et d\u2019odeur, comme les d\u00e9shumidificateurs, les ventilateurs ou les purificateurs d\u2019air.<\/p>\n\n\n\n<h3 class=\"wp-block-heading has-medium-font-size\"><strong>Nettoyage \u00e0 la vapeur et \u00e0 haute pression&nbsp;:<\/strong><\/h3>\n\n\n\n<p>Le nettoyage \u00e0 la vapeur permet de d\u00e9sinfecter les surfaces en profondeur, tandis que le nettoyage \u00e0 haute pression est utile pour \u00e9liminer les traces tenaces sur les sols et murs ext\u00e9rieurs.<\/p>\n\n\n\n<h3 class=\"wp-block-heading has-medium-font-size\"><strong>Nettoyage chimique et biologique&nbsp;:<\/strong><\/h3>\n\n\n\n<p>Le nettoyage chimique consiste \u00e0 utiliser des produits sp\u00e9cifiques pour dissoudre les r\u00e9sidus de suie, tandis que le nettoyage biologique emploie des agents naturels pour \u00e9liminer les moisissures et autres micro-organismes.<\/p>\n\n\n\n<p>Notre expertise et nos \u00e9quipements nous permettent d&rsquo;\u00e9valuer et de traiter les dommages visibles et invisibles (qualit\u00e9 de l&rsquo;air, contaminants). Un nettoyage professionnel est essentiel pour minimiser les risques, pr\u00e9server l&rsquo;int\u00e9grit\u00e9 des b\u00e2timents, logements ou locaux professionnels et prot\u00e9ger la sant\u00e9 des occupants.<\/p>\n\n\n\n<figure class=\"wp-block-image size-full\"><img loading=\"lazy\" decoding=\"async\" width=\"612\" height=\"408\" src=\"https:\/\/ventolini-services.com\/wp-content\/uploads\/2024\/07\/VDS-PHOTO-DECONTAMINATION-BUREAU.jpg\" alt=\"decontamination\" class=\"wp-image-374\" srcset=\"https:\/\/ventolini-services.com\/wp-content\/uploads\/2024\/07\/VDS-PHOTO-DECONTAMINATION-BUREAU.jpg 612w, https:\/\/ventolini-services.com\/wp-content\/uploads\/2024\/07\/VDS-PHOTO-DECONTAMINATION-BUREAU-300x200.jpg 300w\" sizes=\"auto, (max-width: 612px) 100vw, 612px\" \/><\/figure>\n\n\n\n<p><strong>N&rsquo;h\u00e9sitez pas \u00e0 nous contacter pour une demande de devis gratuit sans frais de d\u00e9placement ou pour toute information compl\u00e9mentaire.<\/strong>&nbsp;<strong>La gestion du nettoyage est effectu\u00e9e par le partenaire EMA SERVICES.<\/strong><\/p>\n\n\n\n<figure class=\"wp-block-image size-large is-resized\"><img loading=\"lazy\" decoding=\"async\" width=\"1024\" height=\"429\" src=\"http:\/\/ventolini-services.com\/wp-content\/uploads\/2025\/04\/ema-complet-noir-paysage-1024x429.png\" alt=\"\" class=\"wp-image-541\" style=\"width:193px;height:auto\" srcset=\"https:\/\/ventolini-services.com\/wp-content\/uploads\/2025\/04\/ema-complet-noir-paysage-1024x429.png 1024w, https:\/\/ventolini-services.com\/wp-content\/uploads\/2025\/04\/ema-complet-noir-paysage-300x126.png 300w, https:\/\/ventolini-services.com\/wp-content\/uploads\/2025\/04\/ema-complet-noir-paysage-768x322.png 768w, https:\/\/ventolini-services.com\/wp-content\/uploads\/2025\/04\/ema-complet-noir-paysage.png 1076w\" sizes=\"auto, (max-width: 767px) 89vw, (max-width: 1000px) 54vw, (max-width: 1071px) 543px, 580px\" \/><\/figure>\n\n\n\n<div class=\"wp-block-group\"><div class=\"wp-block-group__inner-container is-layout-constrained wp-block-group-is-layout-constrained\">\n<div class=\"wp-block-buttons is-layout-flex wp-block-buttons-is-layout-flex\">\n<div class=\"wp-block-button has-custom-width wp-block-button__width-50 is-style-fill\"><a class=\"wp-block-button__link has-luminous-vivid-orange-background-color has-background wp-element-button\" href=\"tel:0624568524\">06.24.56.85.24<\/a><\/div>\n\n\n\n<div class=\"wp-block-button has-custom-width wp-block-button__width-50\"><a class=\"wp-block-button__link has-luminous-vivid-orange-background-color has-background wp-element-button\" href=\"https:\/\/ventolini-services.com\/index.php\/contact#24h\">Demandez votre devis<\/a><\/div>\n<\/div>\n<\/div><\/div>\n\n\n\n<p><\/p>\n\n\n\n<p class=\"has-luminous-vivid-orange-color has-text-color has-link-color has-small-font-size wp-elements-6186c987078df331a4d57dfce1eb1799\"><strong><em>V.D.S &amp; E.M.A, un partenariat Service Client adapt\u00e9&nbsp;:<\/em><\/strong><\/p>\n\n\n\n<ul class=\"wp-block-list has-cyan-bluish-gray-color has-text-color has-link-color has-small-font-size wp-elements-14c6620e073cd10357d5acc449bd34ba\">\n<li><strong>Service de proximit\u00e9 sur toute la r\u00e9gion PACA<\/strong><\/li>\n\n\n\n<li><strong>Devis et d\u00e9placement gratuits sous 12h<\/strong><\/li>\n\n\n\n<li><strong>Disponible 7j\/7 et intervention rapide sous 24h<\/strong><\/li>\n\n\n\n<li><strong>D\u00e9barras et nettoyage complet ou sur mesure<\/strong><\/li>\n\n\n\n<li><strong>Sp\u00e9cialiste des acc\u00e8s difficiles<\/strong><\/li>\n\n\n\n<li><strong>Utilisation de mat\u00e9riels et v\u00e9hicules adapt\u00e9s<\/strong><\/li>\n\n\n\n<li><strong>Un tri responsable et respect des normes environnementales<\/strong><\/li>\n\n\n\n<li><strong>\u00c9quipe de professionnels des nettoyages extr\u00eames<\/strong><\/li>\n\n\n\n<li><strong>Nettoyage apr\u00e8s chaque intervention<\/strong><\/li>\n\n\n\n<li><strong>Un service cl\u00e9 en main d\u2019un travail soign\u00e9 et discr\u00e9tion assur\u00e9e<\/strong><\/li>\n<\/ul>\n","protected":false},"excerpt":{"rendered":"<p>NETTOYAGES EXTREMES Le nettoyage apr\u00e8s sinistre, qu&rsquo;il s&rsquo;agisse d&rsquo;incendies, d&rsquo;inondations ou de d\u00e9g\u00e2ts des eaux, est une \u00e9tape cruciale pour la remise en \u00e9tat d&rsquo;un logement et la s\u00e9curit\u00e9 de ses occupants. Face \u00e0 ces situations complexes, il est essentiel de comprendre les cons\u00e9quences des sinistres, les \u00e9tapes cl\u00e9s de la d\u00e9contamination et les solutions &hellip; <\/p>\n<p class=\"link-more\"><a href=\"https:\/\/ventolini-services.com\/index.php\/service-de-nettoyage-et-decontamination-apres-sinistre\/\" class=\"more-link\">Continuer la lecture<span class=\"screen-reader-text\"> de &laquo;&nbsp;D\u00e9contamination \u00ab\u00a0Apr\u00e8s Sinistre\u00a0\u00bb&nbsp;&raquo;<\/span><\/a><\/p>\n","protected":false},"author":1,"featured_media":373,"parent":0,"menu_order":0,"comment_status":"closed","ping_status":"closed","template":"","meta":{"footnotes":""},"class_list":["post-79","page","type-page","status-publish","has-post-thumbnail","hentry"],"yoast_head":"<!-- This site is optimized with the Yoast SEO plugin v23.6 - https:\/\/yoast.com\/wordpress\/plugins\/seo\/ -->\n<title>D\u00e9contamination &quot;Apr\u00e8s Sinistre&quot; - Ventolini D\u00e9barras Services<\/title>\n<meta name=\"description\" content=\"D\u00e9contamination professionnelle apr\u00e8s inondation, incendie ou d\u00e9g\u00e2ts des eaux. Nous rendons vos lieux habitables rapidement.\" \/>\n<meta name=\"robots\" content=\"index, follow, max-snippet:-1, max-image-preview:large, max-video-preview:-1\" \/>\n<link rel=\"canonical\" href=\"https:\/\/ventolini-services.com\/index.php\/service-de-nettoyage-et-decontamination-apres-sinistre\/\" \/>\n<meta property=\"og:locale\" content=\"fr_FR\" \/>\n<meta property=\"og:type\" content=\"article\" \/>\n<meta property=\"og:title\" content=\"D\u00e9contamination &quot;Apr\u00e8s Sinistre&quot; - Ventolini D\u00e9barras Services\" \/>\n<meta property=\"og:description\" content=\"D\u00e9contamination professionnelle apr\u00e8s inondation, incendie ou d\u00e9g\u00e2ts des eaux. Nous rendons vos lieux habitables rapidement.\" \/>\n<meta property=\"og:url\" content=\"https:\/\/ventolini-services.com\/index.php\/service-de-nettoyage-et-decontamination-apres-sinistre\/\" \/>\n<meta property=\"og:site_name\" content=\"Ventolini D\u00e9barras Services\" \/>\n<meta property=\"article:publisher\" content=\"https:\/\/www.facebook.com\/VentoliniDebarrasServices\" \/>\n<meta property=\"article:modified_time\" content=\"2025-06-09T14:38:49+00:00\" \/>\n<meta property=\"og:image\" content=\"http:\/\/ventolini-services.com\/wp-content\/uploads\/2024\/07\/VDS-PHOTO-DECONTAMINATION-4.webp\" \/>\n\t<meta property=\"og:image:width\" content=\"800\" \/>\n\t<meta property=\"og:image:height\" content=\"532\" \/>\n\t<meta property=\"og:image:type\" content=\"image\/webp\" \/>\n<meta name=\"twitter:card\" content=\"summary_large_image\" \/>\n<meta name=\"twitter:label1\" content=\"Dur\u00e9e de lecture estim\u00e9e\" \/>\n\t<meta name=\"twitter:data1\" content=\"6 minutes\" \/>\n<script type=\"application\/ld+json\" class=\"yoast-schema-graph\">{\"@context\":\"https:\/\/schema.org\",\"@graph\":[{\"@type\":\"WebPage\",\"@id\":\"https:\/\/ventolini-services.com\/index.php\/service-de-nettoyage-et-decontamination-apres-sinistre\/\",\"url\":\"https:\/\/ventolini-services.com\/index.php\/service-de-nettoyage-et-decontamination-apres-sinistre\/\",\"name\":\"D\u00e9contamination \\\"Apr\u00e8s Sinistre\\\" - Ventolini D\u00e9barras Services\",\"isPartOf\":{\"@id\":\"https:\/\/ventolini-services.com\/#website\"},\"primaryImageOfPage\":{\"@id\":\"https:\/\/ventolini-services.com\/index.php\/service-de-nettoyage-et-decontamination-apres-sinistre\/#primaryimage\"},\"image\":{\"@id\":\"https:\/\/ventolini-services.com\/index.php\/service-de-nettoyage-et-decontamination-apres-sinistre\/#primaryimage\"},\"thumbnailUrl\":\"https:\/\/ventolini-services.com\/wp-content\/uploads\/2024\/07\/VDS-PHOTO-DECONTAMINATION-4.webp\",\"datePublished\":\"2024-05-30T13:52:16+00:00\",\"dateModified\":\"2025-06-09T14:38:49+00:00\",\"description\":\"D\u00e9contamination professionnelle apr\u00e8s inondation, incendie ou d\u00e9g\u00e2ts des eaux. Nous rendons vos lieux habitables rapidement.\",\"breadcrumb\":{\"@id\":\"https:\/\/ventolini-services.com\/index.php\/service-de-nettoyage-et-decontamination-apres-sinistre\/#breadcrumb\"},\"inLanguage\":\"fr-FR\",\"potentialAction\":[{\"@type\":\"ReadAction\",\"target\":[\"https:\/\/ventolini-services.com\/index.php\/service-de-nettoyage-et-decontamination-apres-sinistre\/\"]}]},{\"@type\":\"ImageObject\",\"inLanguage\":\"fr-FR\",\"@id\":\"https:\/\/ventolini-services.com\/index.php\/service-de-nettoyage-et-decontamination-apres-sinistre\/#primaryimage\",\"url\":\"https:\/\/ventolini-services.com\/wp-content\/uploads\/2024\/07\/VDS-PHOTO-DECONTAMINATION-4.webp\",\"contentUrl\":\"https:\/\/ventolini-services.com\/wp-content\/uploads\/2024\/07\/VDS-PHOTO-DECONTAMINATION-4.webp\",\"width\":800,\"height\":532},{\"@type\":\"BreadcrumbList\",\"@id\":\"https:\/\/ventolini-services.com\/index.php\/service-de-nettoyage-et-decontamination-apres-sinistre\/#breadcrumb\",\"itemListElement\":[{\"@type\":\"ListItem\",\"position\":1,\"name\":\"Accueil\",\"item\":\"https:\/\/ventolini-services.com\/\"},{\"@type\":\"ListItem\",\"position\":2,\"name\":\"D\u00e9contamination \u00ab\u00a0Apr\u00e8s Sinistre\u00a0\u00bb\"}]},{\"@type\":\"WebSite\",\"@id\":\"https:\/\/ventolini-services.com\/#website\",\"url\":\"https:\/\/ventolini-services.com\/\",\"name\":\"Ventolini D\u00e9barras Services\",\"description\":\"Un engagement \u00e0 votre service, votre partenaire de confiance pour particulier et professionnel.\",\"publisher\":{\"@id\":\"https:\/\/ventolini-services.com\/#organization\"},\"alternateName\":\"vds\",\"potentialAction\":[{\"@type\":\"SearchAction\",\"target\":{\"@type\":\"EntryPoint\",\"urlTemplate\":\"https:\/\/ventolini-services.com\/?s={search_term_string}\"},\"query-input\":{\"@type\":\"PropertyValueSpecification\",\"valueRequired\":true,\"valueName\":\"search_term_string\"}}],\"inLanguage\":\"fr-FR\"},{\"@type\":\"Organization\",\"@id\":\"https:\/\/ventolini-services.com\/#organization\",\"name\":\"Ventolini D\u00e9barras Services\",\"url\":\"https:\/\/ventolini-services.com\/\",\"logo\":{\"@type\":\"ImageObject\",\"inLanguage\":\"fr-FR\",\"@id\":\"https:\/\/ventolini-services.com\/#\/schema\/logo\/image\/\",\"url\":\"https:\/\/ventolini-services.com\/wp-content\/uploads\/2024\/05\/cropped-VDS-vignette1-1.png\",\"contentUrl\":\"https:\/\/ventolini-services.com\/wp-content\/uploads\/2024\/05\/cropped-VDS-vignette1-1.png\",\"width\":250,\"height\":250,\"caption\":\"Ventolini D\u00e9barras Services\"},\"image\":{\"@id\":\"https:\/\/ventolini-services.com\/#\/schema\/logo\/image\/\"},\"sameAs\":[\"https:\/\/www.facebook.com\/VentoliniDebarrasServices\"]}]}<\/script>\n<!-- \/ Yoast SEO plugin. -->","yoast_head_json":{"title":"D\u00e9contamination \"Apr\u00e8s Sinistre\" - Ventolini D\u00e9barras Services","description":"D\u00e9contamination professionnelle apr\u00e8s inondation, incendie ou d\u00e9g\u00e2ts des eaux. Nous rendons vos lieux habitables rapidement.","robots":{"index":"index","follow":"follow","max-snippet":"max-snippet:-1","max-image-preview":"max-image-preview:large","max-video-preview":"max-video-preview:-1"},"canonical":"https:\/\/ventolini-services.com\/index.php\/service-de-nettoyage-et-decontamination-apres-sinistre\/","og_locale":"fr_FR","og_type":"article","og_title":"D\u00e9contamination \"Apr\u00e8s Sinistre\" - Ventolini D\u00e9barras Services","og_description":"D\u00e9contamination professionnelle apr\u00e8s inondation, incendie ou d\u00e9g\u00e2ts des eaux. Nous rendons vos lieux habitables rapidement.","og_url":"https:\/\/ventolini-services.com\/index.php\/service-de-nettoyage-et-decontamination-apres-sinistre\/","og_site_name":"Ventolini D\u00e9barras Services","article_publisher":"https:\/\/www.facebook.com\/VentoliniDebarrasServices","article_modified_time":"2025-06-09T14:38:49+00:00","og_image":[{"width":800,"height":532,"url":"http:\/\/ventolini-services.com\/wp-content\/uploads\/2024\/07\/VDS-PHOTO-DECONTAMINATION-4.webp","type":"image\/webp"}],"twitter_card":"summary_large_image","twitter_misc":{"Dur\u00e9e de lecture estim\u00e9e":"6 minutes"},"schema":{"@context":"https:\/\/schema.org","@graph":[{"@type":"WebPage","@id":"https:\/\/ventolini-services.com\/index.php\/service-de-nettoyage-et-decontamination-apres-sinistre\/","url":"https:\/\/ventolini-services.com\/index.php\/service-de-nettoyage-et-decontamination-apres-sinistre\/","name":"D\u00e9contamination \"Apr\u00e8s Sinistre\" - Ventolini D\u00e9barras Services","isPartOf":{"@id":"https:\/\/ventolini-services.com\/#website"},"primaryImageOfPage":{"@id":"https:\/\/ventolini-services.com\/index.php\/service-de-nettoyage-et-decontamination-apres-sinistre\/#primaryimage"},"image":{"@id":"https:\/\/ventolini-services.com\/index.php\/service-de-nettoyage-et-decontamination-apres-sinistre\/#primaryimage"},"thumbnailUrl":"https:\/\/ventolini-services.com\/wp-content\/uploads\/2024\/07\/VDS-PHOTO-DECONTAMINATION-4.webp","datePublished":"2024-05-30T13:52:16+00:00","dateModified":"2025-06-09T14:38:49+00:00","description":"D\u00e9contamination professionnelle apr\u00e8s inondation, incendie ou d\u00e9g\u00e2ts des eaux. Nous rendons vos lieux habitables rapidement.","breadcrumb":{"@id":"https:\/\/ventolini-services.com\/index.php\/service-de-nettoyage-et-decontamination-apres-sinistre\/#breadcrumb"},"inLanguage":"fr-FR","potentialAction":[{"@type":"ReadAction","target":["https:\/\/ventolini-services.com\/index.php\/service-de-nettoyage-et-decontamination-apres-sinistre\/"]}]},{"@type":"ImageObject","inLanguage":"fr-FR","@id":"https:\/\/ventolini-services.com\/index.php\/service-de-nettoyage-et-decontamination-apres-sinistre\/#primaryimage","url":"https:\/\/ventolini-services.com\/wp-content\/uploads\/2024\/07\/VDS-PHOTO-DECONTAMINATION-4.webp","contentUrl":"https:\/\/ventolini-services.com\/wp-content\/uploads\/2024\/07\/VDS-PHOTO-DECONTAMINATION-4.webp","width":800,"height":532},{"@type":"BreadcrumbList","@id":"https:\/\/ventolini-services.com\/index.php\/service-de-nettoyage-et-decontamination-apres-sinistre\/#breadcrumb","itemListElement":[{"@type":"ListItem","position":1,"name":"Accueil","item":"https:\/\/ventolini-services.com\/"},{"@type":"ListItem","position":2,"name":"D\u00e9contamination \u00ab\u00a0Apr\u00e8s Sinistre\u00a0\u00bb"}]},{"@type":"WebSite","@id":"https:\/\/ventolini-services.com\/#website","url":"https:\/\/ventolini-services.com\/","name":"Ventolini D\u00e9barras Services","description":"Un engagement \u00e0 votre service, votre partenaire de confiance pour particulier et professionnel.","publisher":{"@id":"https:\/\/ventolini-services.com\/#organization"},"alternateName":"vds","potentialAction":[{"@type":"SearchAction","target":{"@type":"EntryPoint","urlTemplate":"https:\/\/ventolini-services.com\/?s={search_term_string}"},"query-input":{"@type":"PropertyValueSpecification","valueRequired":true,"valueName":"search_term_string"}}],"inLanguage":"fr-FR"},{"@type":"Organization","@id":"https:\/\/ventolini-services.com\/#organization","name":"Ventolini D\u00e9barras Services","url":"https:\/\/ventolini-services.com\/","logo":{"@type":"ImageObject","inLanguage":"fr-FR","@id":"https:\/\/ventolini-services.com\/#\/schema\/logo\/image\/","url":"https:\/\/ventolini-services.com\/wp-content\/uploads\/2024\/05\/cropped-VDS-vignette1-1.png","contentUrl":"https:\/\/ventolini-services.com\/wp-content\/uploads\/2024\/05\/cropped-VDS-vignette1-1.png","width":250,"height":250,"caption":"Ventolini D\u00e9barras Services"},"image":{"@id":"https:\/\/ventolini-services.com\/#\/schema\/logo\/image\/"},"sameAs":["https:\/\/www.facebook.com\/VentoliniDebarrasServices"]}]}},"_links":{"self":[{"href":"https:\/\/ventolini-services.com\/index.php\/wp-json\/wp\/v2\/pages\/79","targetHints":{"allow":["GET"]}}],"collection":[{"href":"https:\/\/ventolini-services.com\/index.php\/wp-json\/wp\/v2\/pages"}],"about":[{"href":"https:\/\/ventolini-services.com\/index.php\/wp-json\/wp\/v2\/types\/page"}],"author":[{"embeddable":true,"href":"https:\/\/ventolini-services.com\/index.php\/wp-json\/wp\/v2\/users\/1"}],"replies":[{"embeddable":true,"href":"https:\/\/ventolini-services.com\/index.php\/wp-json\/wp\/v2\/comments?post=79"}],"version-history":[{"count":18,"href":"https:\/\/ventolini-services.com\/index.php\/wp-json\/wp\/v2\/pages\/79\/revisions"}],"predecessor-version":[{"id":591,"href":"https:\/\/ventolini-services.com\/index.php\/wp-json\/wp\/v2\/pages\/79\/revisions\/591"}],"wp:featuredmedia":[{"embeddable":true,"href":"https:\/\/ventolini-services.com\/index.php\/wp-json\/wp\/v2\/media\/373"}],"wp:attachment":[{"href":"https:\/\/ventolini-services.com\/index.php\/wp-json\/wp\/v2\/media?parent=79"}],"curies":[{"name":"wp","href":"https:\/\/api.w.org\/{rel}","templated":true}]}}