{"id":70,"date":"2024-05-30T15:45:30","date_gmt":"2024-05-30T13:45:30","guid":{"rendered":"https:\/\/ventolini-services.com\/?page_id=70"},"modified":"2025-02-28T15:08:53","modified_gmt":"2025-02-28T14:08:53","slug":"service-de-nettoyage-et-assainissement-pour-particuliers-et-professionnels","status":"publish","type":"page","link":"https:\/\/ventolini-services.com\/index.php\/service-de-nettoyage-et-assainissement-pour-particuliers-et-professionnels\/","title":{"rendered":"Nettoyage, D\u00e9sinfection et Assainissement"},"content":{"rendered":"\n<p class=\"has-text-align-center has-luminous-vivid-orange-color has-text-color has-link-color has-medium-font-size wp-elements-b6661502859a59115706f5329bc2b398\"><strong>SERVICES DE DEBARRAS<\/strong><\/p>\n\n\n\n<p>Un d\u00e9part en maison de retraite, une vente, une location ou simplement un d\u00e9m\u00e9nagement est souvent synonyme de stress et de fatigue, mais il est essentiel de ne pas n\u00e9gliger le nettoyage de votre logement avant de partir.<\/p>\n\n\n\n<p>Le nettoyage, suite au terme d\u2019un bail pour un local commercial ou une d\u00e9localisation d\u2019entreprise, est important. Pour les nouveaux locaux, il s\u2019agit d\u2019emm\u00e9nager dans de bonnes conditions et de partir d\u2019une bonne base d\u2019entretien. Les anciens locaux doivent \u00e9galement \u00eatre nettoy\u00e9s : d\u00e9placer le mobilier fait souvent appara\u00eetre de la salet\u00e9 et de la poussi\u00e8re.<\/p>\n\n\n\n<figure class=\"wp-block-image size-full\"><img loading=\"lazy\" decoding=\"async\" width=\"760\" height=\"505\" src=\"https:\/\/ventolini-services.com\/wp-content\/uploads\/2024\/07\/image.png\" alt=\"\" class=\"wp-image-314\" srcset=\"https:\/\/ventolini-services.com\/wp-content\/uploads\/2024\/07\/image.png 760w, https:\/\/ventolini-services.com\/wp-content\/uploads\/2024\/07\/image-300x199.png 300w\" sizes=\"auto, (max-width: 706px) 89vw, (max-width: 767px) 82vw, 740px\" \/><\/figure>\n\n\n\n<p>La soci\u00e9t\u00e9 <em><strong>V.D.S<\/strong><\/em> intervient aupr\u00e8s des particuliers, des entreprises, des syndics de copropri\u00e9t\u00e9 et des collectivit\u00e9s sur des chantiers de nettoyage.<\/p>\n\n\n\n<p>Avant de proc\u00e9der au nettoyage, nous venons \u00e9valuer la nature du lieu \u00e0 nettoyer (<strong>habitation, local professionnel, cave, grenier, garage, terrasse&#8230;<\/strong>), les t\u00e2ches \u00e0 effectuer ainsi que le type des surfaces \u00e0 nettoyer (<strong>carrelage, moquette, robinetterie, \u00e9lectrom\u00e9nager, vitres, etc&#8230;<\/strong>).<\/p>\n\n\n\n<p>Cela permet de d\u00e9terminer les machines \u00e0 utiliser et les produits n\u00e9cessaires pour le nettoyage. Ce premier contact facilite consid\u00e9rablement le protocole de nettoyage \u00e0 appliquer pour rendre l\u2019espace le plus pr\u00e9sentable possible.&nbsp;<\/p>\n\n\n\n<p>Le nettoyage professionnel de remise en \u00e9tat est un nettoyage minutieux de fond en comble, diff\u00e9rent du m\u00e9nage quotidien.<\/p>\n\n\n\n<p>Il regroupe des prestations tr\u00e8s vari\u00e9es comme&nbsp;:<\/p>\n\n\n\n<ul class=\"wp-block-list\">\n<li>Enl\u00e8vement des <strong>d\u00e9chets<\/strong> et d\u00e9sencombrement des objets.<\/li>\n\n\n\n<li>D\u00e9tachage et d\u00e9poussi\u00e9rage de toutes surfaces du <strong>sol au plafond.<\/strong><\/li>\n\n\n\n<li>Nettoyage des <strong>sols, des plinthes, des prises \u00e9lectriques et des interrupteurs.<\/strong><\/li>\n\n\n\n<li>Shampouinage des <strong>moquettes, tapis, fauteuils, canap\u00e9s, matelas et sommier.<\/strong><\/li>\n\n\n\n<li>Lessivage des <strong>murs, portes, poign\u00e9es, dressing et placards<\/strong> (tabac, graisse et humidit\u00e9).<\/li>\n\n\n\n<li>D\u00e9poussi\u00e9rage et nettoyage des int\u00e9rieur et ext\u00e9rieur des <strong>meubles<\/strong>.<\/li>\n\n\n\n<li>Nettoyage des <strong>vitres et encadrements, stores et volets manuels ou \u00e9lectriques<\/strong>, int\u00e9rieur et ext\u00e9rieur.<\/li>\n\n\n\n<li>D\u00e9graissage et remise en \u00e9tat des <strong>cuisines<\/strong>&nbsp;:<\/li>\n\n\n\n<li>D\u00e9tartrage des <strong>\u00e9viers et robinets<\/strong>, d\u00e9sinfection des <strong>appareils \u00e9lectrom\u00e9nagers<\/strong> int\u00e9rieur et ext\u00e9rieur (four, micro-onde, r\u00e9frig\u00e9rateur\/cong\u00e9lateur, lave-vaisselle, plaque de cuisson).<\/li>\n\n\n\n<li>Nettoyage et d\u00e9sinfection des <strong>hottes aspirantes<\/strong> et r\u00e9fexion des <strong>joints du plan de travail.<\/strong><\/li>\n\n\n\n<li>Entretien des sanitaires (<strong>salle de bain et WC<\/strong>)&nbsp;:<\/li>\n\n\n\n<li>Nettoyage et d\u00e9tartrage de <strong>baignoire, lavabo, douche et robinetterie<\/strong> (suppression des traces de calcaire et d\u2019humidit\u00e9).<\/li>\n\n\n\n<li>Nettoyage et d\u00e9capage des <strong>carrelages<\/strong> et\/ou <strong>r\u00e9fexion des joints<\/strong>.<\/li>\n\n\n\n<li>Nettoyage et d\u00e9sinfection des grilles de <strong>VMC <\/strong>(bouches de ventilation) et des <strong>radiateurs\/convecteurs.<\/strong><\/li>\n\n\n\n<li>Entretien des <strong>climatiseurs&nbsp;individuels<\/strong> : Nettoyage et d\u00e9sinfection des ailettes, filtres, grilles, bobine de condensateur et du coffre.<\/li>\n\n\n\n<li>Balayage, nettoyage et d\u00e9capage des <strong>terrasses\/balcons et v\u00e9randa<\/strong>.<\/li>\n<\/ul>\n\n\n\n<figure class=\"wp-block-image size-full is-resized\"><img loading=\"lazy\" decoding=\"async\" width=\"612\" height=\"408\" src=\"http:\/\/ventolini-services.com\/wp-content\/uploads\/2024\/07\/VDS-PHOTO-DESINFECTION-6.jpg\" alt=\"\" class=\"wp-image-311\" style=\"width:675px;height:auto\" srcset=\"https:\/\/ventolini-services.com\/wp-content\/uploads\/2024\/07\/VDS-PHOTO-DESINFECTION-6.jpg 612w, https:\/\/ventolini-services.com\/wp-content\/uploads\/2024\/07\/VDS-PHOTO-DESINFECTION-6-300x200.jpg 300w\" sizes=\"auto, (max-width: 612px) 100vw, 612px\" \/><\/figure>\n\n\n\n<figure class=\"wp-block-image size-full is-resized\"><img loading=\"lazy\" decoding=\"async\" width=\"612\" height=\"408\" src=\"http:\/\/ventolini-services.com\/wp-content\/uploads\/2024\/07\/istockphoto-1243620960-612x612-1.jpg\" alt=\"\" class=\"wp-image-320\" style=\"width:674px;height:auto\" srcset=\"https:\/\/ventolini-services.com\/wp-content\/uploads\/2024\/07\/istockphoto-1243620960-612x612-1.jpg 612w, https:\/\/ventolini-services.com\/wp-content\/uploads\/2024\/07\/istockphoto-1243620960-612x612-1-300x200.jpg 300w\" sizes=\"auto, (max-width: 612px) 100vw, 612px\" \/><\/figure>\n\n\n\n<p>Et pour les locaux professionnels et bureaux, nous proposons aussi&nbsp;:<\/p>\n\n\n\n<ul class=\"wp-block-list\">\n<li>Nettoyage complet des <strong>enseignes ext\u00e9rieures<\/strong>.<\/li>\n\n\n\n<li>Nettoyage et d\u00e9sinfection des <strong>mobiliers de bureaux<\/strong> et des <strong>appareils \u00e9lectroniques et informatiques<\/strong>.<\/li>\n\n\n\n<li>Assainissement des <strong>r\u00e9serves<\/strong> et <strong>zones de stockage<\/strong>.<\/li>\n\n\n\n<li>Nettoyage basique des <strong>locaux<\/strong> et <strong>zones d\u2019accueil.<\/strong><\/li>\n\n\n\n<li>D\u00e9capage et traitement des <strong>carrelages<\/strong>, des <strong>murs<\/strong> et des <strong>parois ext\u00e9rieurs.<\/strong><\/li>\n\n\n\n<li>Nettoyage et entretien des <strong>zones ext\u00e9rieures, parking, all\u00e9e, terrasse et jardin.<\/strong><\/li>\n<\/ul>\n\n\n\n<figure class=\"wp-block-image size-full is-resized\"><img loading=\"lazy\" decoding=\"async\" width=\"1000\" height=\"500\" src=\"https:\/\/ventolini-services.com\/wp-content\/uploads\/2024\/07\/image-1.png\" alt=\"\" class=\"wp-image-315\" style=\"width:672px;height:auto\" srcset=\"https:\/\/ventolini-services.com\/wp-content\/uploads\/2024\/07\/image-1.png 1000w, https:\/\/ventolini-services.com\/wp-content\/uploads\/2024\/07\/image-1-300x150.png 300w, https:\/\/ventolini-services.com\/wp-content\/uploads\/2024\/07\/image-1-768x384.png 768w\" sizes=\"auto, (max-width: 767px) 89vw, (max-width: 1000px) 54vw, (max-width: 1071px) 543px, 580px\" \/><\/figure>\n\n\n\n<p>La qualit\u00e9 du service rendu est un enjeu primordial.<\/p>\n\n\n\n<p>Notre service de nettoyage met \u00e0 votre disposition une \u00e9quipe qualifi\u00e9e qui arrivera \u00e0 nettoyer parfaitement votre bien gr\u00e2ce \u00e0 l\u2019utilisation de diff\u00e9rents outils professionnels qui facilitent grandement ces travaux.<\/p>\n\n\n\n<p>La soci\u00e9t\u00e9 <strong><em>V.D.S<\/em><\/strong> est sp\u00e9cialis\u00e9e dans le nettoyage des locaux et vous propose bien d\u2019autres services compl\u00e9mentaires \u00e0 celui-ci.<\/p>\n\n\n\n<p>Les tarifs varient selon l\u2019\u00e9tendue des travaux de nettoyage (le nombre de m2), l\u2019\u00e9tat de salet\u00e9 des espaces et du niveau de difficult\u00e9 d\u2019acc\u00e8s des surfaces.<\/p>\n\n\n\n<p>Nous pouvons adapter nos interventions selon votre budget et vos besoins.<\/p>\n\n\n\n<p>Nous mettons en place un protocole de nettoyage rigoureux en fonction de la zone de nettoyage, de la nature des rev\u00eatements, du mat\u00e9riel et des produits adapt\u00e9s \u00e0 utiliser.<\/p>\n\n\n\n<p>Nous privil\u00e9gions l\u2019utilisation de produits de nettoyage \u00e9cologiques et non-toxiques (naturels et biod\u00e9gradables) comme le vinaigre blanc et le bicarbonate de soude ainsi que des machines \u00e0 vapeur haute pression, afin de garantir la protection de notre sant\u00e9 et de environnement.<\/p>\n\n\n\n<p>Nous sommes form\u00e9s et allions savoir-faire, flexibilit\u00e9 et adaptation pour r\u00e9pondre aux exigences de cette prestation.<\/p>\n\n\n\n<p>\u00c0 la premi\u00e8re prise de contact, nous \u00e9valuerons gratuitement la grandeur des travaux de nettoyage \u00e0 faire et vous d\u00e9livrerons un devis personnalis\u00e9 sans engagement, avec une possibilit\u00e9 d\u2019intervention sous 48h.<\/p>\n\n\n\n<div class=\"wp-block-group\"><div class=\"wp-block-group__inner-container is-layout-constrained wp-block-group-is-layout-constrained\">\n<div class=\"wp-block-buttons is-layout-flex wp-block-buttons-is-layout-flex\">\n<div class=\"wp-block-button has-custom-width wp-block-button__width-50 is-style-fill\"><a class=\"wp-block-button__link has-luminous-vivid-orange-background-color has-background wp-element-button\" href=\"tel:0635026881\"> 06.35.02.68.81<\/a><\/div>\n\n\n\n<div class=\"wp-block-button has-custom-width wp-block-button__width-50\"><a class=\"wp-block-button__link has-luminous-vivid-orange-background-color has-background wp-element-button\" href=\"https:\/\/ventolini-services.com\/index.php\/contact#24h\">Demandez votre devis<\/a><\/div>\n<\/div>\n<\/div><\/div>\n\n\n\n<p><\/p>\n\n\n\n<p class=\"has-luminous-vivid-orange-color has-text-color has-link-color has-small-font-size wp-elements-4ddce148a9cd8668134099a202871a30\"><strong><em>V.D.S, un Service Client adapt\u00e9&nbsp;:<\/em><\/strong><\/p>\n\n\n\n<ul class=\"wp-block-list has-cyan-bluish-gray-color has-text-color has-link-color has-small-font-size wp-elements-14c6620e073cd10357d5acc449bd34ba\">\n<li><strong>Service de proximit\u00e9 sur toute la r\u00e9gion PACA<\/strong><\/li>\n\n\n\n<li><strong>Devis et d\u00e9placement gratuits sous 12h<\/strong><\/li>\n\n\n\n<li><strong>Disponible 7j\/7 et intervention rapide sous 24h<\/strong><\/li>\n\n\n\n<li><strong>D\u00e9barras et nettoyage complet ou sur mesure<\/strong><\/li>\n\n\n\n<li><strong>Sp\u00e9cialiste des acc\u00e8s difficiles<\/strong><\/li>\n\n\n\n<li><strong>Utilisation de mat\u00e9riels et v\u00e9hicules adapt\u00e9s<\/strong><\/li>\n\n\n\n<li><strong>Un tri responsable et respect des normes environnementales<\/strong><\/li>\n\n\n\n<li><strong>\u00c9quipe de professionnels des nettoyages extr\u00eames<\/strong><\/li>\n\n\n\n<li><strong>Nettoyage apr\u00e8s chaque intervention<\/strong><\/li>\n\n\n\n<li><strong>Un service cl\u00e9 en main d\u2019un travail soign\u00e9 et discr\u00e9tion assur\u00e9e<\/strong><\/li>\n<\/ul>\n","protected":false},"excerpt":{"rendered":"<p>SERVICES DE DEBARRAS Un d\u00e9part en maison de retraite, une vente, une location ou simplement un d\u00e9m\u00e9nagement est souvent synonyme de stress et de fatigue, mais il est essentiel de ne pas n\u00e9gliger le nettoyage de votre logement avant de partir. Le nettoyage, suite au terme d\u2019un bail pour un local commercial ou une d\u00e9localisation &hellip; <\/p>\n<p class=\"link-more\"><a href=\"https:\/\/ventolini-services.com\/index.php\/service-de-nettoyage-et-assainissement-pour-particuliers-et-professionnels\/\" class=\"more-link\">Continuer la lecture<span class=\"screen-reader-text\"> de &laquo;&nbsp;Nettoyage, D\u00e9sinfection et Assainissement&nbsp;&raquo;<\/span><\/a><\/p>\n","protected":false},"author":1,"featured_media":312,"parent":0,"menu_order":0,"comment_status":"closed","ping_status":"closed","template":"","meta":{"footnotes":""},"class_list":["post-70","page","type-page","status-publish","has-post-thumbnail","hentry"],"yoast_head":"<!-- This site is optimized with the Yoast SEO plugin v23.6 - https:\/\/yoast.com\/wordpress\/plugins\/seo\/ -->\n<title>Nettoyage, D\u00e9sinfection et Assainissement - Ventolini D\u00e9barras Services<\/title>\n<meta name=\"description\" content=\"Produits \u00e9cologiques pour un nettoyage en profondeur et respectueux de l&#039;environnement. D\u00e9couvrez nos solutions \u00e9co-responsables pour un int\u00e9rieur sain et respirable.\" \/>\n<meta name=\"robots\" content=\"index, follow, max-snippet:-1, max-image-preview:large, max-video-preview:-1\" \/>\n<link rel=\"canonical\" href=\"https:\/\/ventolini-services.com\/index.php\/service-de-nettoyage-et-assainissement-pour-particuliers-et-professionnels\/\" \/>\n<meta property=\"og:locale\" content=\"fr_FR\" \/>\n<meta property=\"og:type\" content=\"article\" \/>\n<meta property=\"og:title\" content=\"Nettoyage, D\u00e9sinfection et Assainissement - Ventolini D\u00e9barras Services\" \/>\n<meta property=\"og:description\" content=\"Produits \u00e9cologiques pour un nettoyage en profondeur et respectueux de l&#039;environnement. D\u00e9couvrez nos solutions \u00e9co-responsables pour un int\u00e9rieur sain et respirable.\" \/>\n<meta property=\"og:url\" content=\"https:\/\/ventolini-services.com\/index.php\/service-de-nettoyage-et-assainissement-pour-particuliers-et-professionnels\/\" \/>\n<meta property=\"og:site_name\" content=\"Ventolini D\u00e9barras Services\" \/>\n<meta property=\"article:publisher\" content=\"https:\/\/www.facebook.com\/VentoliniDebarrasServices\" \/>\n<meta property=\"article:modified_time\" content=\"2025-02-28T14:08:53+00:00\" \/>\n<meta property=\"og:image\" content=\"http:\/\/ventolini-services.com\/wp-content\/uploads\/2024\/07\/VDS-PHOTO-NETTOYAGE-5.jpg\" \/>\n\t<meta property=\"og:image:width\" content=\"612\" \/>\n\t<meta property=\"og:image:height\" content=\"408\" \/>\n\t<meta property=\"og:image:type\" content=\"image\/jpeg\" \/>\n<meta name=\"twitter:card\" content=\"summary_large_image\" \/>\n<meta name=\"twitter:label1\" content=\"Dur\u00e9e de lecture estim\u00e9e\" \/>\n\t<meta name=\"twitter:data1\" content=\"5 minutes\" \/>\n<script type=\"application\/ld+json\" class=\"yoast-schema-graph\">{\"@context\":\"https:\/\/schema.org\",\"@graph\":[{\"@type\":\"WebPage\",\"@id\":\"https:\/\/ventolini-services.com\/index.php\/service-de-nettoyage-et-assainissement-pour-particuliers-et-professionnels\/\",\"url\":\"https:\/\/ventolini-services.com\/index.php\/service-de-nettoyage-et-assainissement-pour-particuliers-et-professionnels\/\",\"name\":\"Nettoyage, D\u00e9sinfection et Assainissement - Ventolini D\u00e9barras Services\",\"isPartOf\":{\"@id\":\"https:\/\/ventolini-services.com\/#website\"},\"primaryImageOfPage\":{\"@id\":\"https:\/\/ventolini-services.com\/index.php\/service-de-nettoyage-et-assainissement-pour-particuliers-et-professionnels\/#primaryimage\"},\"image\":{\"@id\":\"https:\/\/ventolini-services.com\/index.php\/service-de-nettoyage-et-assainissement-pour-particuliers-et-professionnels\/#primaryimage\"},\"thumbnailUrl\":\"https:\/\/ventolini-services.com\/wp-content\/uploads\/2024\/07\/VDS-PHOTO-NETTOYAGE-5.jpg\",\"datePublished\":\"2024-05-30T13:45:30+00:00\",\"dateModified\":\"2025-02-28T14:08:53+00:00\",\"description\":\"Produits \u00e9cologiques pour un nettoyage en profondeur et respectueux de l'environnement. D\u00e9couvrez nos solutions \u00e9co-responsables pour un int\u00e9rieur sain et respirable.\",\"breadcrumb\":{\"@id\":\"https:\/\/ventolini-services.com\/index.php\/service-de-nettoyage-et-assainissement-pour-particuliers-et-professionnels\/#breadcrumb\"},\"inLanguage\":\"fr-FR\",\"potentialAction\":[{\"@type\":\"ReadAction\",\"target\":[\"https:\/\/ventolini-services.com\/index.php\/service-de-nettoyage-et-assainissement-pour-particuliers-et-professionnels\/\"]}]},{\"@type\":\"ImageObject\",\"inLanguage\":\"fr-FR\",\"@id\":\"https:\/\/ventolini-services.com\/index.php\/service-de-nettoyage-et-assainissement-pour-particuliers-et-professionnels\/#primaryimage\",\"url\":\"https:\/\/ventolini-services.com\/wp-content\/uploads\/2024\/07\/VDS-PHOTO-NETTOYAGE-5.jpg\",\"contentUrl\":\"https:\/\/ventolini-services.com\/wp-content\/uploads\/2024\/07\/VDS-PHOTO-NETTOYAGE-5.jpg\",\"width\":612,\"height\":408,\"caption\":\"floor care\"},{\"@type\":\"BreadcrumbList\",\"@id\":\"https:\/\/ventolini-services.com\/index.php\/service-de-nettoyage-et-assainissement-pour-particuliers-et-professionnels\/#breadcrumb\",\"itemListElement\":[{\"@type\":\"ListItem\",\"position\":1,\"name\":\"Accueil\",\"item\":\"https:\/\/ventolini-services.com\/\"},{\"@type\":\"ListItem\",\"position\":2,\"name\":\"Nettoyage, D\u00e9sinfection et Assainissement\"}]},{\"@type\":\"WebSite\",\"@id\":\"https:\/\/ventolini-services.com\/#website\",\"url\":\"https:\/\/ventolini-services.com\/\",\"name\":\"Ventolini D\u00e9barras Services\",\"description\":\"Un engagement \u00e0 votre service, votre partenaire de confiance pour particulier et professionnel.\",\"publisher\":{\"@id\":\"https:\/\/ventolini-services.com\/#organization\"},\"alternateName\":\"vds\",\"potentialAction\":[{\"@type\":\"SearchAction\",\"target\":{\"@type\":\"EntryPoint\",\"urlTemplate\":\"https:\/\/ventolini-services.com\/?s={search_term_string}\"},\"query-input\":{\"@type\":\"PropertyValueSpecification\",\"valueRequired\":true,\"valueName\":\"search_term_string\"}}],\"inLanguage\":\"fr-FR\"},{\"@type\":\"Organization\",\"@id\":\"https:\/\/ventolini-services.com\/#organization\",\"name\":\"Ventolini D\u00e9barras Services\",\"url\":\"https:\/\/ventolini-services.com\/\",\"logo\":{\"@type\":\"ImageObject\",\"inLanguage\":\"fr-FR\",\"@id\":\"https:\/\/ventolini-services.com\/#\/schema\/logo\/image\/\",\"url\":\"https:\/\/ventolini-services.com\/wp-content\/uploads\/2024\/05\/cropped-VDS-vignette1-1.png\",\"contentUrl\":\"https:\/\/ventolini-services.com\/wp-content\/uploads\/2024\/05\/cropped-VDS-vignette1-1.png\",\"width\":250,\"height\":250,\"caption\":\"Ventolini D\u00e9barras Services\"},\"image\":{\"@id\":\"https:\/\/ventolini-services.com\/#\/schema\/logo\/image\/\"},\"sameAs\":[\"https:\/\/www.facebook.com\/VentoliniDebarrasServices\"]}]}<\/script>\n<!-- \/ Yoast SEO plugin. -->","yoast_head_json":{"title":"Nettoyage, D\u00e9sinfection et Assainissement - Ventolini D\u00e9barras Services","description":"Produits \u00e9cologiques pour un nettoyage en profondeur et respectueux de l'environnement. D\u00e9couvrez nos solutions \u00e9co-responsables pour un int\u00e9rieur sain et respirable.","robots":{"index":"index","follow":"follow","max-snippet":"max-snippet:-1","max-image-preview":"max-image-preview:large","max-video-preview":"max-video-preview:-1"},"canonical":"https:\/\/ventolini-services.com\/index.php\/service-de-nettoyage-et-assainissement-pour-particuliers-et-professionnels\/","og_locale":"fr_FR","og_type":"article","og_title":"Nettoyage, D\u00e9sinfection et Assainissement - Ventolini D\u00e9barras Services","og_description":"Produits \u00e9cologiques pour un nettoyage en profondeur et respectueux de l'environnement. D\u00e9couvrez nos solutions \u00e9co-responsables pour un int\u00e9rieur sain et respirable.","og_url":"https:\/\/ventolini-services.com\/index.php\/service-de-nettoyage-et-assainissement-pour-particuliers-et-professionnels\/","og_site_name":"Ventolini D\u00e9barras Services","article_publisher":"https:\/\/www.facebook.com\/VentoliniDebarrasServices","article_modified_time":"2025-02-28T14:08:53+00:00","og_image":[{"width":612,"height":408,"url":"http:\/\/ventolini-services.com\/wp-content\/uploads\/2024\/07\/VDS-PHOTO-NETTOYAGE-5.jpg","type":"image\/jpeg"}],"twitter_card":"summary_large_image","twitter_misc":{"Dur\u00e9e de lecture estim\u00e9e":"5 minutes"},"schema":{"@context":"https:\/\/schema.org","@graph":[{"@type":"WebPage","@id":"https:\/\/ventolini-services.com\/index.php\/service-de-nettoyage-et-assainissement-pour-particuliers-et-professionnels\/","url":"https:\/\/ventolini-services.com\/index.php\/service-de-nettoyage-et-assainissement-pour-particuliers-et-professionnels\/","name":"Nettoyage, D\u00e9sinfection et Assainissement - Ventolini D\u00e9barras Services","isPartOf":{"@id":"https:\/\/ventolini-services.com\/#website"},"primaryImageOfPage":{"@id":"https:\/\/ventolini-services.com\/index.php\/service-de-nettoyage-et-assainissement-pour-particuliers-et-professionnels\/#primaryimage"},"image":{"@id":"https:\/\/ventolini-services.com\/index.php\/service-de-nettoyage-et-assainissement-pour-particuliers-et-professionnels\/#primaryimage"},"thumbnailUrl":"https:\/\/ventolini-services.com\/wp-content\/uploads\/2024\/07\/VDS-PHOTO-NETTOYAGE-5.jpg","datePublished":"2024-05-30T13:45:30+00:00","dateModified":"2025-02-28T14:08:53+00:00","description":"Produits \u00e9cologiques pour un nettoyage en profondeur et respectueux de l'environnement. D\u00e9couvrez nos solutions \u00e9co-responsables pour un int\u00e9rieur sain et respirable.","breadcrumb":{"@id":"https:\/\/ventolini-services.com\/index.php\/service-de-nettoyage-et-assainissement-pour-particuliers-et-professionnels\/#breadcrumb"},"inLanguage":"fr-FR","potentialAction":[{"@type":"ReadAction","target":["https:\/\/ventolini-services.com\/index.php\/service-de-nettoyage-et-assainissement-pour-particuliers-et-professionnels\/"]}]},{"@type":"ImageObject","inLanguage":"fr-FR","@id":"https:\/\/ventolini-services.com\/index.php\/service-de-nettoyage-et-assainissement-pour-particuliers-et-professionnels\/#primaryimage","url":"https:\/\/ventolini-services.com\/wp-content\/uploads\/2024\/07\/VDS-PHOTO-NETTOYAGE-5.jpg","contentUrl":"https:\/\/ventolini-services.com\/wp-content\/uploads\/2024\/07\/VDS-PHOTO-NETTOYAGE-5.jpg","width":612,"height":408,"caption":"floor care"},{"@type":"BreadcrumbList","@id":"https:\/\/ventolini-services.com\/index.php\/service-de-nettoyage-et-assainissement-pour-particuliers-et-professionnels\/#breadcrumb","itemListElement":[{"@type":"ListItem","position":1,"name":"Accueil","item":"https:\/\/ventolini-services.com\/"},{"@type":"ListItem","position":2,"name":"Nettoyage, D\u00e9sinfection et Assainissement"}]},{"@type":"WebSite","@id":"https:\/\/ventolini-services.com\/#website","url":"https:\/\/ventolini-services.com\/","name":"Ventolini D\u00e9barras Services","description":"Un engagement \u00e0 votre service, votre partenaire de confiance pour particulier et professionnel.","publisher":{"@id":"https:\/\/ventolini-services.com\/#organization"},"alternateName":"vds","potentialAction":[{"@type":"SearchAction","target":{"@type":"EntryPoint","urlTemplate":"https:\/\/ventolini-services.com\/?s={search_term_string}"},"query-input":{"@type":"PropertyValueSpecification","valueRequired":true,"valueName":"search_term_string"}}],"inLanguage":"fr-FR"},{"@type":"Organization","@id":"https:\/\/ventolini-services.com\/#organization","name":"Ventolini D\u00e9barras Services","url":"https:\/\/ventolini-services.com\/","logo":{"@type":"ImageObject","inLanguage":"fr-FR","@id":"https:\/\/ventolini-services.com\/#\/schema\/logo\/image\/","url":"https:\/\/ventolini-services.com\/wp-content\/uploads\/2024\/05\/cropped-VDS-vignette1-1.png","contentUrl":"https:\/\/ventolini-services.com\/wp-content\/uploads\/2024\/05\/cropped-VDS-vignette1-1.png","width":250,"height":250,"caption":"Ventolini D\u00e9barras Services"},"image":{"@id":"https:\/\/ventolini-services.com\/#\/schema\/logo\/image\/"},"sameAs":["https:\/\/www.facebook.com\/VentoliniDebarrasServices"]}]}},"_links":{"self":[{"href":"https:\/\/ventolini-services.com\/index.php\/wp-json\/wp\/v2\/pages\/70","targetHints":{"allow":["GET"]}}],"collection":[{"href":"https:\/\/ventolini-services.com\/index.php\/wp-json\/wp\/v2\/pages"}],"about":[{"href":"https:\/\/ventolini-services.com\/index.php\/wp-json\/wp\/v2\/types\/page"}],"author":[{"embeddable":true,"href":"https:\/\/ventolini-services.com\/index.php\/wp-json\/wp\/v2\/users\/1"}],"replies":[{"embeddable":true,"href":"https:\/\/ventolini-services.com\/index.php\/wp-json\/wp\/v2\/comments?post=70"}],"version-history":[{"count":12,"href":"https:\/\/ventolini-services.com\/index.php\/wp-json\/wp\/v2\/pages\/70\/revisions"}],"predecessor-version":[{"id":529,"href":"https:\/\/ventolini-services.com\/index.php\/wp-json\/wp\/v2\/pages\/70\/revisions\/529"}],"wp:featuredmedia":[{"embeddable":true,"href":"https:\/\/ventolini-services.com\/index.php\/wp-json\/wp\/v2\/media\/312"}],"wp:attachment":[{"href":"https:\/\/ventolini-services.com\/index.php\/wp-json\/wp\/v2\/media?parent=70"}],"curies":[{"name":"wp","href":"https:\/\/api.w.org\/{rel}","templated":true}]}}