{"id":503,"date":"2024-11-26T19:19:12","date_gmt":"2024-11-26T18:19:12","guid":{"rendered":"https:\/\/ventolini-services.com\/?page_id=503"},"modified":"2025-06-09T16:39:31","modified_gmt":"2025-06-09T14:39:31","slug":"service-de-desinfection-et-desinsectisation-nuisibles","status":"publish","type":"page","link":"https:\/\/ventolini-services.com\/index.php\/service-de-desinfection-et-desinsectisation-nuisibles\/","title":{"rendered":"D\u00e9sinsectisation \u00ab\u00a0Nuisibles\u00a0\u00bb"},"content":{"rendered":"\n<p class=\"has-text-align-center has-luminous-vivid-orange-color has-text-color has-link-color has-medium-font-size wp-elements-b24132e96896c369111ffcf8d12be5f1\"><strong>NETTOYAGES EXTREMES<\/strong><\/p>\n\n\n\n<p>Vous \u00eates confront\u00e9s \u00e0 un risque de prolif\u00e9ration d\u2019insectes, de rongeurs, ou propagation de bact\u00e9ries et virus&nbsp;?<\/p>\n\n\n\n<p>Apr\u00e8s une intervention de d\u00e9barras, <strong><em>V.D.S &amp; E.M.A<\/em><\/strong> peut intervenir sur des op\u00e9rations de d\u00e9ratisation, d\u00e9sinsectisation, d\u00e9sinfection et d\u00e9sodorisation.<\/p>\n\n\n\n<figure class=\"wp-block-image size-large\"><img loading=\"lazy\" decoding=\"async\" width=\"1024\" height=\"1024\" src=\"http:\/\/ventolini-services.com\/wp-content\/uploads\/2024\/07\/disinfestation_of_premises_with_insects-2-1024x1024.jpeg\" alt=\"desinsectisation\" class=\"wp-image-350\" srcset=\"https:\/\/ventolini-services.com\/wp-content\/uploads\/2024\/07\/disinfestation_of_premises_with_insects-2-1024x1024.jpeg 1024w, https:\/\/ventolini-services.com\/wp-content\/uploads\/2024\/07\/disinfestation_of_premises_with_insects-2-300x300.jpeg 300w, https:\/\/ventolini-services.com\/wp-content\/uploads\/2024\/07\/disinfestation_of_premises_with_insects-2-150x150.jpeg 150w, https:\/\/ventolini-services.com\/wp-content\/uploads\/2024\/07\/disinfestation_of_premises_with_insects-2-768x768.jpeg 768w, https:\/\/ventolini-services.com\/wp-content\/uploads\/2024\/07\/disinfestation_of_premises_with_insects-2-100x100.jpeg 100w, https:\/\/ventolini-services.com\/wp-content\/uploads\/2024\/07\/disinfestation_of_premises_with_insects-2.jpeg 1280w\" sizes=\"auto, (max-width: 767px) 89vw, (max-width: 1000px) 54vw, (max-width: 1071px) 543px, 580px\" \/><\/figure>\n\n\n\n<p><strong>LA DESINFECTION<\/strong>&nbsp;: a pour objet la non-prolif\u00e9ration de germes pathog\u00e8nes ou la non-contamination d\u2019agents infectieux. Nous effectuons des traitements par pulv\u00e9risation et n\u00e9bulisation ou brumisation.<\/p>\n\n\n\n<p><strong>LA DERATISATION<\/strong>&nbsp;: est l\u2019\u00e9radication des rats et souris d\u2019un domicile, d\u2019un local professionnel, un restaurant ou pour les collectivit\u00e9s (\u00e9coles, mairie, h\u00f4pitaux&#8230;).<\/p>\n\n\n\n<figure class=\"wp-block-image size-large\"><img loading=\"lazy\" decoding=\"async\" width=\"1024\" height=\"1024\" src=\"http:\/\/ventolini-services.com\/wp-content\/uploads\/2024\/07\/disinfestation_of_premises_with_insects_and_rats-1024x1024.jpeg\" alt=\"eradication nuisibles\" class=\"wp-image-349\" srcset=\"https:\/\/ventolini-services.com\/wp-content\/uploads\/2024\/07\/disinfestation_of_premises_with_insects_and_rats-1024x1024.jpeg 1024w, https:\/\/ventolini-services.com\/wp-content\/uploads\/2024\/07\/disinfestation_of_premises_with_insects_and_rats-300x300.jpeg 300w, https:\/\/ventolini-services.com\/wp-content\/uploads\/2024\/07\/disinfestation_of_premises_with_insects_and_rats-150x150.jpeg 150w, https:\/\/ventolini-services.com\/wp-content\/uploads\/2024\/07\/disinfestation_of_premises_with_insects_and_rats-768x768.jpeg 768w, https:\/\/ventolini-services.com\/wp-content\/uploads\/2024\/07\/disinfestation_of_premises_with_insects_and_rats-100x100.jpeg 100w, https:\/\/ventolini-services.com\/wp-content\/uploads\/2024\/07\/disinfestation_of_premises_with_insects_and_rats.jpeg 1280w\" sizes=\"auto, (max-width: 767px) 89vw, (max-width: 1000px) 54vw, (max-width: 1071px) 543px, 580px\" \/><\/figure>\n\n\n\n<p><strong>LA DESINSECTISATION<\/strong>&nbsp;: est l\u2019\u00e9radication par pulv\u00e9risation de fumig\u00e8nes insecticides de tout types d\u2019insectes nuisibles rampants (blattes, cafards, fourmis, puces, punaises de lits, araign\u00e9es, acariens&#8230;) et volants (gu\u00eapes, mouches, moustiques, frelons&#8230;).<\/p>\n\n\n\n<p class=\"has-luminous-vivid-orange-color has-text-color has-link-color has-medium-font-size wp-elements-cb5281875340599703cb3b5ccb416bad\" style=\"text-decoration:underline\"><strong>Les fientes de pigeons&nbsp;:<\/strong><\/p>\n\n\n\n<figure class=\"wp-block-image size-large is-resized\"><img loading=\"lazy\" decoding=\"async\" width=\"1024\" height=\"1024\" src=\"http:\/\/ventolini-services.com\/wp-content\/uploads\/2024\/07\/one_image_inside_cleaning_attic_invaded_by_pigeons-2-1024x1024.jpeg\" alt=\"invasion nuisible\" class=\"wp-image-353\" style=\"width:672px;height:auto\" srcset=\"https:\/\/ventolini-services.com\/wp-content\/uploads\/2024\/07\/one_image_inside_cleaning_attic_invaded_by_pigeons-2-1024x1024.jpeg 1024w, https:\/\/ventolini-services.com\/wp-content\/uploads\/2024\/07\/one_image_inside_cleaning_attic_invaded_by_pigeons-2-300x300.jpeg 300w, https:\/\/ventolini-services.com\/wp-content\/uploads\/2024\/07\/one_image_inside_cleaning_attic_invaded_by_pigeons-2-150x150.jpeg 150w, https:\/\/ventolini-services.com\/wp-content\/uploads\/2024\/07\/one_image_inside_cleaning_attic_invaded_by_pigeons-2-768x768.jpeg 768w, https:\/\/ventolini-services.com\/wp-content\/uploads\/2024\/07\/one_image_inside_cleaning_attic_invaded_by_pigeons-2-100x100.jpeg 100w, https:\/\/ventolini-services.com\/wp-content\/uploads\/2024\/07\/one_image_inside_cleaning_attic_invaded_by_pigeons-2.jpeg 1280w\" sizes=\"auto, (max-width: 767px) 89vw, (max-width: 1000px) 54vw, (max-width: 1071px) 543px, 580px\" \/><\/figure>\n\n\n\n<p>Les pigeons sont devenus un v\u00e9ritable casse-t\u00eate pour les habitants et les gestionnaires d&rsquo;espaces urbains. En plus d&rsquo;\u00eatre une source de nuisances visuelles et sonores, ces oiseaux peuvent causer des probl\u00e8mes sanitaires et endommager les structures de b\u00e2timents.<\/p>\n\n\n\n<p>Les fientes de pigeons peuvent v\u00e9hicul\u00e9es de nombreuses maladies et bact\u00e9ries et repr\u00e9sentent des risques pour la sant\u00e9.&nbsp;Les pigeons sont porteurs de maladies et Les fientes dess\u00e9ch\u00e9es&nbsp;produisent des poussi\u00e8res qui contiennent des bact\u00e9ries.<\/p>\n\n\n\n<p>En cas d\u2019inhalation de cette poussi\u00e8re, celle-ci peut entra\u00eener l\u2019ornithose-psittacose et d\u2019autres infections. Il est donc important de d\u00e9sinfecter votre domicile.<\/p>\n\n\n\n<p>Le nettoyage de fientes consiste \u00e0 retirer tous les r\u00e9sidus d\u2019excr\u00e9ments produits par les volatiles (pigeons, hirondelles, pies, etc\u2026) \u00e0 l\u2019aide de mono-brosse, ou de machines \u00e0 haute pression.<\/p>\n\n\n\n<figure class=\"wp-block-image size-full is-resized\"><img loading=\"lazy\" decoding=\"async\" width=\"612\" height=\"400\" src=\"https:\/\/ventolini-services.com\/wp-content\/uploads\/2024\/06\/VDS-PHOTO-DECONTAMINATION-NUISIBLE.jpg\" alt=\"nettoyage toit\" class=\"wp-image-303\" style=\"width:675px;height:auto\" srcset=\"https:\/\/ventolini-services.com\/wp-content\/uploads\/2024\/06\/VDS-PHOTO-DECONTAMINATION-NUISIBLE.jpg 612w, https:\/\/ventolini-services.com\/wp-content\/uploads\/2024\/06\/VDS-PHOTO-DECONTAMINATION-NUISIBLE-300x196.jpg 300w\" sizes=\"auto, (max-width: 612px) 100vw, 612px\" \/><\/figure>\n\n\n\n<p><strong><em>V.D.S &amp; E.M.A<\/em><\/strong> travaille r\u00e9guli\u00e8rement dans les logements devenus insalubres, par l&rsquo;accumulation d\u2019objets (Syndrome de Diog\u00e8ne) et nous constatons que certains logements sont envahis d\u2019oiseaux. Dans ce genre de situation, il est important de faire appel \u00e0&nbsp;nos services&nbsp;qui ont les comp\u00e9tences et l\u2019exp\u00e9rience n\u00e9cessaires pour r\u00e9aliser les travaux de nettoyage et de d\u00e9barras ainsi que la&nbsp;d\u00e9sinfection de maison.<\/p>\n\n\n\n<p>Notre \u00e9quipe de d\u00e9sinsectisation intervient sur les balcons, terrasses, combles et greniers d\u2019un logement mais aussi sur tous types de surfaces et rev\u00eatements d\u2019un local professionnel, comme le nettoyage de fa\u00e7ade, stores, panneaux publicitaires et enseignes.<\/p>\n\n\n\n<p>En adoptant les bonnes techniques et en utilisant les produits et \u00e9quipements adapt\u00e9s, il est possible de contr\u00f4ler efficacement ce probl\u00e8me et de pr\u00e9venir les risques sanitaires associ\u00e9s.<\/p>\n\n\n\n<p>Notre \u00e9quipe dispose de tous&nbsp;les \u00e9quipements de protections&nbsp;n\u00e9cessaires pour r\u00e9aliser ce type d\u2019intervention. Nous effectuons le choix de produits et mat\u00e9riels adapt\u00e9s en fonction du lieu d\u2019intervention, de l\u2019environnement, de l\u2019action et de la r\u00e9glementation.<\/p>\n\n\n\n<figure class=\"wp-block-image size-full is-resized\"><img loading=\"lazy\" decoding=\"async\" width=\"612\" height=\"408\" src=\"https:\/\/ventolini-services.com\/wp-content\/uploads\/2024\/07\/VDS-PHOTO-DECONTAMINATION-NUISIBLE-5.jpg\" alt=\"punaises de lit\" class=\"wp-image-346\" style=\"width:673px;height:auto\" srcset=\"https:\/\/ventolini-services.com\/wp-content\/uploads\/2024\/07\/VDS-PHOTO-DECONTAMINATION-NUISIBLE-5.jpg 612w, https:\/\/ventolini-services.com\/wp-content\/uploads\/2024\/07\/VDS-PHOTO-DECONTAMINATION-NUISIBLE-5-300x200.jpg 300w\" sizes=\"auto, (max-width: 612px) 100vw, 612px\" \/><\/figure>\n\n\n\n<figure class=\"wp-block-image size-large\"><img loading=\"lazy\" decoding=\"async\" width=\"1024\" height=\"1024\" src=\"http:\/\/ventolini-services.com\/wp-content\/uploads\/2024\/07\/disinfestation_of_premises_with_insects-1024x1024.jpeg\" alt=\"d\u00e9sinsectisation cafards\" class=\"wp-image-351\" srcset=\"https:\/\/ventolini-services.com\/wp-content\/uploads\/2024\/07\/disinfestation_of_premises_with_insects-1024x1024.jpeg 1024w, https:\/\/ventolini-services.com\/wp-content\/uploads\/2024\/07\/disinfestation_of_premises_with_insects-300x300.jpeg 300w, https:\/\/ventolini-services.com\/wp-content\/uploads\/2024\/07\/disinfestation_of_premises_with_insects-150x150.jpeg 150w, https:\/\/ventolini-services.com\/wp-content\/uploads\/2024\/07\/disinfestation_of_premises_with_insects-768x768.jpeg 768w, https:\/\/ventolini-services.com\/wp-content\/uploads\/2024\/07\/disinfestation_of_premises_with_insects-100x100.jpeg 100w, https:\/\/ventolini-services.com\/wp-content\/uploads\/2024\/07\/disinfestation_of_premises_with_insects.jpeg 1280w\" sizes=\"auto, (max-width: 767px) 89vw, (max-width: 1000px) 54vw, (max-width: 1071px) 543px, 580px\" \/><\/figure>\n\n\n\n<p><strong>N\u2019h\u00e9sitez pas \u00e0 nous contacter pour une demande de devis gratuit sans frais de d\u00e9placement ou pour toute information compl\u00e9mentaire.<\/strong>&nbsp;<strong>La gestion du nettoyage est effectu\u00e9e par le partenaire EMA SERVICES.<\/strong><\/p>\n\n\n\n<figure class=\"wp-block-image size-large is-resized\"><img loading=\"lazy\" decoding=\"async\" width=\"1024\" height=\"429\" src=\"http:\/\/ventolini-services.com\/wp-content\/uploads\/2025\/04\/ema-complet-noir-paysage-1024x429.png\" alt=\"\" class=\"wp-image-541\" style=\"width:192px;height:auto\" srcset=\"https:\/\/ventolini-services.com\/wp-content\/uploads\/2025\/04\/ema-complet-noir-paysage-1024x429.png 1024w, https:\/\/ventolini-services.com\/wp-content\/uploads\/2025\/04\/ema-complet-noir-paysage-300x126.png 300w, https:\/\/ventolini-services.com\/wp-content\/uploads\/2025\/04\/ema-complet-noir-paysage-768x322.png 768w, https:\/\/ventolini-services.com\/wp-content\/uploads\/2025\/04\/ema-complet-noir-paysage.png 1076w\" sizes=\"auto, (max-width: 767px) 89vw, (max-width: 1000px) 54vw, (max-width: 1071px) 543px, 580px\" \/><\/figure>\n\n\n\n<div class=\"wp-block-group\"><div class=\"wp-block-group__inner-container is-layout-constrained wp-block-group-is-layout-constrained\">\n<div class=\"wp-block-buttons is-layout-flex wp-block-buttons-is-layout-flex\">\n<div class=\"wp-block-button has-custom-width wp-block-button__width-50 is-style-fill\"><a class=\"wp-block-button__link has-luminous-vivid-orange-background-color has-background wp-element-button\" href=\"tel:0624568524\">06.24.56.85.24<\/a><\/div>\n\n\n\n<div class=\"wp-block-button has-custom-width wp-block-button__width-50\"><a class=\"wp-block-button__link has-luminous-vivid-orange-background-color has-background wp-element-button\" href=\"https:\/\/ventolini-services.com\/index.php\/contact#24h\">Demandez votre devis<\/a><\/div>\n<\/div>\n<\/div><\/div>\n\n\n\n<p><\/p>\n\n\n\n<p class=\"has-luminous-vivid-orange-color has-text-color has-link-color has-small-font-size wp-elements-6186c987078df331a4d57dfce1eb1799\"><strong><em>V.D.S &amp; E.M.A, un partenariat Service Client adapt\u00e9&nbsp;:<\/em><\/strong><\/p>\n\n\n\n<ul class=\"wp-block-list has-cyan-bluish-gray-color has-text-color has-link-color has-small-font-size wp-elements-14c6620e073cd10357d5acc449bd34ba\">\n<li><strong>Service de proximit\u00e9 sur toute la r\u00e9gion PACA<\/strong><\/li>\n\n\n\n<li><strong>Devis et d\u00e9placement gratuits sous 12h<\/strong><\/li>\n\n\n\n<li><strong>Disponible 7j\/7 et intervention rapide sous 24h<\/strong><\/li>\n\n\n\n<li><strong>D\u00e9barras et nettoyage complet ou sur mesure<\/strong><\/li>\n\n\n\n<li><strong>Sp\u00e9cialiste des acc\u00e8s difficiles<\/strong><\/li>\n\n\n\n<li><strong>Utilisation de mat\u00e9riels et v\u00e9hicules adapt\u00e9s<\/strong><\/li>\n\n\n\n<li><strong>Un tri responsable et respect des normes environnementales<\/strong><\/li>\n\n\n\n<li><strong>\u00c9quipe de professionnels des nettoyages extr\u00eames<\/strong><\/li>\n\n\n\n<li><strong>Nettoyage apr\u00e8s chaque intervention<\/strong><\/li>\n\n\n\n<li><strong>Un service cl\u00e9 en main d\u2019un travail soign\u00e9 et discr\u00e9tion assur\u00e9e<\/strong><\/li>\n<\/ul>\n","protected":false},"excerpt":{"rendered":"<p>NETTOYAGES EXTREMES Vous \u00eates confront\u00e9s \u00e0 un risque de prolif\u00e9ration d\u2019insectes, de rongeurs, ou propagation de bact\u00e9ries et virus&nbsp;? Apr\u00e8s une intervention de d\u00e9barras, V.D.S &amp; E.M.A peut intervenir sur des op\u00e9rations de d\u00e9ratisation, d\u00e9sinsectisation, d\u00e9sinfection et d\u00e9sodorisation. LA DESINFECTION&nbsp;: a pour objet la non-prolif\u00e9ration de germes pathog\u00e8nes ou la non-contamination d\u2019agents infectieux. Nous effectuons &hellip; <\/p>\n<p class=\"link-more\"><a href=\"https:\/\/ventolini-services.com\/index.php\/service-de-desinfection-et-desinsectisation-nuisibles\/\" class=\"more-link\">Continuer la lecture<span class=\"screen-reader-text\"> de &laquo;&nbsp;D\u00e9sinsectisation \u00ab\u00a0Nuisibles\u00a0\u00bb&nbsp;&raquo;<\/span><\/a><\/p>\n","protected":false},"author":1,"featured_media":301,"parent":0,"menu_order":0,"comment_status":"closed","ping_status":"closed","template":"","meta":{"footnotes":""},"class_list":["post-503","page","type-page","status-publish","has-post-thumbnail","hentry"],"yoast_head":"<!-- This site is optimized with the Yoast SEO plugin v23.6 - https:\/\/yoast.com\/wordpress\/plugins\/seo\/ -->\n<title>D\u00e9sinsectisation &quot;Nuisibles&quot; - Ventolini D\u00e9barras Services<\/title>\n<meta name=\"description\" content=\"D\u00e9sinsectisation rapide et efficace : Nous intervenons 7j\/7 et 24h\/24 pour vous d\u00e9barrasser de vos probl\u00e8mes de nuisibles.\" \/>\n<meta name=\"robots\" content=\"index, follow, max-snippet:-1, max-image-preview:large, max-video-preview:-1\" \/>\n<link rel=\"canonical\" href=\"https:\/\/ventolini-services.com\/index.php\/service-de-desinfection-et-desinsectisation-nuisibles\/\" \/>\n<meta property=\"og:locale\" content=\"fr_FR\" \/>\n<meta property=\"og:type\" content=\"article\" \/>\n<meta property=\"og:title\" content=\"D\u00e9sinsectisation &quot;Nuisibles&quot; - Ventolini D\u00e9barras Services\" \/>\n<meta property=\"og:description\" content=\"D\u00e9sinsectisation rapide et efficace : Nous intervenons 7j\/7 et 24h\/24 pour vous d\u00e9barrasser de vos probl\u00e8mes de nuisibles.\" \/>\n<meta property=\"og:url\" content=\"https:\/\/ventolini-services.com\/index.php\/service-de-desinfection-et-desinsectisation-nuisibles\/\" \/>\n<meta property=\"og:site_name\" content=\"Ventolini D\u00e9barras Services\" \/>\n<meta property=\"article:publisher\" content=\"https:\/\/www.facebook.com\/VentoliniDebarrasServices\" \/>\n<meta property=\"article:modified_time\" content=\"2025-06-09T14:39:31+00:00\" \/>\n<meta property=\"og:image\" content=\"http:\/\/ventolini-services.com\/wp-content\/uploads\/2024\/06\/VDS-PHOTO-DECONTAMINATION-NUISIBLE-4.jpg\" \/>\n\t<meta property=\"og:image:width\" content=\"612\" \/>\n\t<meta property=\"og:image:height\" content=\"344\" \/>\n\t<meta property=\"og:image:type\" content=\"image\/jpeg\" \/>\n<meta name=\"twitter:card\" content=\"summary_large_image\" \/>\n<meta name=\"twitter:label1\" content=\"Dur\u00e9e de lecture estim\u00e9e\" \/>\n\t<meta name=\"twitter:data1\" content=\"5 minutes\" \/>\n<script type=\"application\/ld+json\" class=\"yoast-schema-graph\">{\"@context\":\"https:\/\/schema.org\",\"@graph\":[{\"@type\":\"WebPage\",\"@id\":\"https:\/\/ventolini-services.com\/index.php\/service-de-desinfection-et-desinsectisation-nuisibles\/\",\"url\":\"https:\/\/ventolini-services.com\/index.php\/service-de-desinfection-et-desinsectisation-nuisibles\/\",\"name\":\"D\u00e9sinsectisation \\\"Nuisibles\\\" - Ventolini D\u00e9barras Services\",\"isPartOf\":{\"@id\":\"https:\/\/ventolini-services.com\/#website\"},\"primaryImageOfPage\":{\"@id\":\"https:\/\/ventolini-services.com\/index.php\/service-de-desinfection-et-desinsectisation-nuisibles\/#primaryimage\"},\"image\":{\"@id\":\"https:\/\/ventolini-services.com\/index.php\/service-de-desinfection-et-desinsectisation-nuisibles\/#primaryimage\"},\"thumbnailUrl\":\"https:\/\/ventolini-services.com\/wp-content\/uploads\/2024\/06\/VDS-PHOTO-DECONTAMINATION-NUISIBLE-4.jpg\",\"datePublished\":\"2024-11-26T18:19:12+00:00\",\"dateModified\":\"2025-06-09T14:39:31+00:00\",\"description\":\"D\u00e9sinsectisation rapide et efficace : Nous intervenons 7j\/7 et 24h\/24 pour vous d\u00e9barrasser de vos probl\u00e8mes de nuisibles.\",\"breadcrumb\":{\"@id\":\"https:\/\/ventolini-services.com\/index.php\/service-de-desinfection-et-desinsectisation-nuisibles\/#breadcrumb\"},\"inLanguage\":\"fr-FR\",\"potentialAction\":[{\"@type\":\"ReadAction\",\"target\":[\"https:\/\/ventolini-services.com\/index.php\/service-de-desinfection-et-desinsectisation-nuisibles\/\"]}]},{\"@type\":\"ImageObject\",\"inLanguage\":\"fr-FR\",\"@id\":\"https:\/\/ventolini-services.com\/index.php\/service-de-desinfection-et-desinsectisation-nuisibles\/#primaryimage\",\"url\":\"https:\/\/ventolini-services.com\/wp-content\/uploads\/2024\/06\/VDS-PHOTO-DECONTAMINATION-NUISIBLE-4.jpg\",\"contentUrl\":\"https:\/\/ventolini-services.com\/wp-content\/uploads\/2024\/06\/VDS-PHOTO-DECONTAMINATION-NUISIBLE-4.jpg\",\"width\":612,\"height\":344,\"caption\":\"Cockroach moving out of the kitchen with a suitcase\"},{\"@type\":\"BreadcrumbList\",\"@id\":\"https:\/\/ventolini-services.com\/index.php\/service-de-desinfection-et-desinsectisation-nuisibles\/#breadcrumb\",\"itemListElement\":[{\"@type\":\"ListItem\",\"position\":1,\"name\":\"Accueil\",\"item\":\"https:\/\/ventolini-services.com\/\"},{\"@type\":\"ListItem\",\"position\":2,\"name\":\"D\u00e9sinsectisation \u00ab\u00a0Nuisibles\u00a0\u00bb\"}]},{\"@type\":\"WebSite\",\"@id\":\"https:\/\/ventolini-services.com\/#website\",\"url\":\"https:\/\/ventolini-services.com\/\",\"name\":\"Ventolini D\u00e9barras Services\",\"description\":\"Un engagement \u00e0 votre service, votre partenaire de confiance pour particulier et professionnel.\",\"publisher\":{\"@id\":\"https:\/\/ventolini-services.com\/#organization\"},\"alternateName\":\"vds\",\"potentialAction\":[{\"@type\":\"SearchAction\",\"target\":{\"@type\":\"EntryPoint\",\"urlTemplate\":\"https:\/\/ventolini-services.com\/?s={search_term_string}\"},\"query-input\":{\"@type\":\"PropertyValueSpecification\",\"valueRequired\":true,\"valueName\":\"search_term_string\"}}],\"inLanguage\":\"fr-FR\"},{\"@type\":\"Organization\",\"@id\":\"https:\/\/ventolini-services.com\/#organization\",\"name\":\"Ventolini D\u00e9barras Services\",\"url\":\"https:\/\/ventolini-services.com\/\",\"logo\":{\"@type\":\"ImageObject\",\"inLanguage\":\"fr-FR\",\"@id\":\"https:\/\/ventolini-services.com\/#\/schema\/logo\/image\/\",\"url\":\"https:\/\/ventolini-services.com\/wp-content\/uploads\/2024\/05\/cropped-VDS-vignette1-1.png\",\"contentUrl\":\"https:\/\/ventolini-services.com\/wp-content\/uploads\/2024\/05\/cropped-VDS-vignette1-1.png\",\"width\":250,\"height\":250,\"caption\":\"Ventolini D\u00e9barras Services\"},\"image\":{\"@id\":\"https:\/\/ventolini-services.com\/#\/schema\/logo\/image\/\"},\"sameAs\":[\"https:\/\/www.facebook.com\/VentoliniDebarrasServices\"]}]}<\/script>\n<!-- \/ Yoast SEO plugin. -->","yoast_head_json":{"title":"D\u00e9sinsectisation \"Nuisibles\" - Ventolini D\u00e9barras Services","description":"D\u00e9sinsectisation rapide et efficace : Nous intervenons 7j\/7 et 24h\/24 pour vous d\u00e9barrasser de vos probl\u00e8mes de nuisibles.","robots":{"index":"index","follow":"follow","max-snippet":"max-snippet:-1","max-image-preview":"max-image-preview:large","max-video-preview":"max-video-preview:-1"},"canonical":"https:\/\/ventolini-services.com\/index.php\/service-de-desinfection-et-desinsectisation-nuisibles\/","og_locale":"fr_FR","og_type":"article","og_title":"D\u00e9sinsectisation \"Nuisibles\" - Ventolini D\u00e9barras Services","og_description":"D\u00e9sinsectisation rapide et efficace : Nous intervenons 7j\/7 et 24h\/24 pour vous d\u00e9barrasser de vos probl\u00e8mes de nuisibles.","og_url":"https:\/\/ventolini-services.com\/index.php\/service-de-desinfection-et-desinsectisation-nuisibles\/","og_site_name":"Ventolini D\u00e9barras Services","article_publisher":"https:\/\/www.facebook.com\/VentoliniDebarrasServices","article_modified_time":"2025-06-09T14:39:31+00:00","og_image":[{"width":612,"height":344,"url":"http:\/\/ventolini-services.com\/wp-content\/uploads\/2024\/06\/VDS-PHOTO-DECONTAMINATION-NUISIBLE-4.jpg","type":"image\/jpeg"}],"twitter_card":"summary_large_image","twitter_misc":{"Dur\u00e9e de lecture estim\u00e9e":"5 minutes"},"schema":{"@context":"https:\/\/schema.org","@graph":[{"@type":"WebPage","@id":"https:\/\/ventolini-services.com\/index.php\/service-de-desinfection-et-desinsectisation-nuisibles\/","url":"https:\/\/ventolini-services.com\/index.php\/service-de-desinfection-et-desinsectisation-nuisibles\/","name":"D\u00e9sinsectisation \"Nuisibles\" - Ventolini D\u00e9barras Services","isPartOf":{"@id":"https:\/\/ventolini-services.com\/#website"},"primaryImageOfPage":{"@id":"https:\/\/ventolini-services.com\/index.php\/service-de-desinfection-et-desinsectisation-nuisibles\/#primaryimage"},"image":{"@id":"https:\/\/ventolini-services.com\/index.php\/service-de-desinfection-et-desinsectisation-nuisibles\/#primaryimage"},"thumbnailUrl":"https:\/\/ventolini-services.com\/wp-content\/uploads\/2024\/06\/VDS-PHOTO-DECONTAMINATION-NUISIBLE-4.jpg","datePublished":"2024-11-26T18:19:12+00:00","dateModified":"2025-06-09T14:39:31+00:00","description":"D\u00e9sinsectisation rapide et efficace : Nous intervenons 7j\/7 et 24h\/24 pour vous d\u00e9barrasser de vos probl\u00e8mes de nuisibles.","breadcrumb":{"@id":"https:\/\/ventolini-services.com\/index.php\/service-de-desinfection-et-desinsectisation-nuisibles\/#breadcrumb"},"inLanguage":"fr-FR","potentialAction":[{"@type":"ReadAction","target":["https:\/\/ventolini-services.com\/index.php\/service-de-desinfection-et-desinsectisation-nuisibles\/"]}]},{"@type":"ImageObject","inLanguage":"fr-FR","@id":"https:\/\/ventolini-services.com\/index.php\/service-de-desinfection-et-desinsectisation-nuisibles\/#primaryimage","url":"https:\/\/ventolini-services.com\/wp-content\/uploads\/2024\/06\/VDS-PHOTO-DECONTAMINATION-NUISIBLE-4.jpg","contentUrl":"https:\/\/ventolini-services.com\/wp-content\/uploads\/2024\/06\/VDS-PHOTO-DECONTAMINATION-NUISIBLE-4.jpg","width":612,"height":344,"caption":"Cockroach moving out of the kitchen with a suitcase"},{"@type":"BreadcrumbList","@id":"https:\/\/ventolini-services.com\/index.php\/service-de-desinfection-et-desinsectisation-nuisibles\/#breadcrumb","itemListElement":[{"@type":"ListItem","position":1,"name":"Accueil","item":"https:\/\/ventolini-services.com\/"},{"@type":"ListItem","position":2,"name":"D\u00e9sinsectisation \u00ab\u00a0Nuisibles\u00a0\u00bb"}]},{"@type":"WebSite","@id":"https:\/\/ventolini-services.com\/#website","url":"https:\/\/ventolini-services.com\/","name":"Ventolini D\u00e9barras Services","description":"Un engagement \u00e0 votre service, votre partenaire de confiance pour particulier et professionnel.","publisher":{"@id":"https:\/\/ventolini-services.com\/#organization"},"alternateName":"vds","potentialAction":[{"@type":"SearchAction","target":{"@type":"EntryPoint","urlTemplate":"https:\/\/ventolini-services.com\/?s={search_term_string}"},"query-input":{"@type":"PropertyValueSpecification","valueRequired":true,"valueName":"search_term_string"}}],"inLanguage":"fr-FR"},{"@type":"Organization","@id":"https:\/\/ventolini-services.com\/#organization","name":"Ventolini D\u00e9barras Services","url":"https:\/\/ventolini-services.com\/","logo":{"@type":"ImageObject","inLanguage":"fr-FR","@id":"https:\/\/ventolini-services.com\/#\/schema\/logo\/image\/","url":"https:\/\/ventolini-services.com\/wp-content\/uploads\/2024\/05\/cropped-VDS-vignette1-1.png","contentUrl":"https:\/\/ventolini-services.com\/wp-content\/uploads\/2024\/05\/cropped-VDS-vignette1-1.png","width":250,"height":250,"caption":"Ventolini D\u00e9barras Services"},"image":{"@id":"https:\/\/ventolini-services.com\/#\/schema\/logo\/image\/"},"sameAs":["https:\/\/www.facebook.com\/VentoliniDebarrasServices"]}]}},"_links":{"self":[{"href":"https:\/\/ventolini-services.com\/index.php\/wp-json\/wp\/v2\/pages\/503","targetHints":{"allow":["GET"]}}],"collection":[{"href":"https:\/\/ventolini-services.com\/index.php\/wp-json\/wp\/v2\/pages"}],"about":[{"href":"https:\/\/ventolini-services.com\/index.php\/wp-json\/wp\/v2\/types\/page"}],"author":[{"embeddable":true,"href":"https:\/\/ventolini-services.com\/index.php\/wp-json\/wp\/v2\/users\/1"}],"replies":[{"embeddable":true,"href":"https:\/\/ventolini-services.com\/index.php\/wp-json\/wp\/v2\/comments?post=503"}],"version-history":[{"count":11,"href":"https:\/\/ventolini-services.com\/index.php\/wp-json\/wp\/v2\/pages\/503\/revisions"}],"predecessor-version":[{"id":593,"href":"https:\/\/ventolini-services.com\/index.php\/wp-json\/wp\/v2\/pages\/503\/revisions\/593"}],"wp:featuredmedia":[{"embeddable":true,"href":"https:\/\/ventolini-services.com\/index.php\/wp-json\/wp\/v2\/media\/301"}],"wp:attachment":[{"href":"https:\/\/ventolini-services.com\/index.php\/wp-json\/wp\/v2\/media?parent=503"}],"curies":[{"name":"wp","href":"https:\/\/api.w.org\/{rel}","templated":true}]}}