{"id":472,"date":"2024-11-15T20:19:47","date_gmt":"2024-11-15T19:19:47","guid":{"rendered":"https:\/\/ventolini-services.com\/?page_id=472"},"modified":"2025-02-28T16:10:14","modified_gmt":"2025-02-28T15:10:14","slug":"nettoyage-fin-de-chantier","status":"publish","type":"page","link":"https:\/\/ventolini-services.com\/index.php\/nettoyage-fin-de-chantier\/","title":{"rendered":"Nettoyage Fin de Chantier"},"content":{"rendered":"\n<h1 class=\"wp-block-heading has-text-align-center has-luminous-vivid-orange-color has-text-color has-link-color has-medium-font-size wp-elements-a19322e759e4c6488a9168caa2515822\"><strong>SERVICES DE DEBARRAS<\/strong><\/h1>\n\n\n\n<p>Apr\u00e8s travaux de construction ou de r\u00e9novation, les entrepreneurs ont l\u2019obligation de rendre les lieux propres. C\u2019est inclus dans le contrat avec le client.&nbsp; Et la plupart du temps, les entrepreneurs font appel \u00e0 des entreprises de nettoyage sp\u00e9cialis\u00e9es.<\/p>\n\n\n\n<p><strong>Le nettoyage de fin de chantier<\/strong> comprend&nbsp;:<\/p>\n\n\n\n<ul class=\"wp-block-list\">\n<li style=\"font-style:normal;font-weight:600\">\u00c9vacuation des d\u00e9chets, mat\u00e9riaux et r\u00e9sidus<\/li>\n\n\n\n<li style=\"font-style:normal;font-weight:600\">Nettoyage profond des sols (aspirateur de chantier, mono-brosse, auto-laveuse ou lavage manuel selon la surface)<\/li>\n\n\n\n<li style=\"font-style:normal;font-weight:600\">Lavage soigneux des vitres (d\u00e9crassage inclus)<\/li>\n\n\n\n<li style=\"font-style:normal;font-weight:600\">D\u00e9poussi\u00e9rage des plafonds et boiseries<\/li>\n\n\n\n<li style=\"font-style:normal;font-weight:600\">Remise en \u00e9tat des conduits d\u2019a\u00e9ration (aspiration et nettoyage)<\/li>\n\n\n\n<li style=\"font-style:normal;font-weight:600\">A\u00e9ration et purification de l\u2019air ambiant<\/li>\n<\/ul>\n\n\n\n<p><strong>L&rsquo;\u00e9vacuation des&nbsp;<\/strong><strong>gravat<\/strong><strong>s<\/strong><strong>&nbsp;et le tri<\/strong> de tous autres d\u00e9bris issus des travaux est essentielle pour assurer la propret\u00e9 du chantier.<\/p>\n\n\n\n<p>Nous utilisons des outils adapt\u00e9s pour faciliter cette op\u00e9ration.&nbsp;<\/p>\n\n\n\n<p>Nous louons des sacs ou bennes pour l\u2019enl\u00e8vement et le chargement des encombrants. On s\u2019occupe du&nbsp; transport, du tri et du d\u00e9chargement vers les fili\u00e8res de collecte sp\u00e9cialis\u00e9es.<\/p>\n\n\n\n<p><strong>Le&nbsp;<\/strong><strong>nettoyage des sols<\/strong><strong>&nbsp;et murs<\/strong> doit \u00eatre effectu\u00e9 avec soin pour \u00e9liminer toute trace de poussi\u00e8re, r\u00e9sine ou peinture. Le choix du mat\u00e9riel (balais, raclettes, laveuses haute pression) et des produits d\u00e9tergents d\u00e9pendra du type de surface \u00e0 traiter (carrelage, parquet, b\u00e9ton).<\/p>\n\n\n\n<p><strong>Le&nbsp;<\/strong><strong>lessivage<\/strong>&nbsp;consiste \u00e0 appliquer une solution aqueuse sur les surfaces afin d&rsquo;\u00e9liminer les salissures tenaces telles que la colle ou le pl\u00e2tre, sur les fen\u00eatres, vitrines, portes, encadrements, plinthes, interrupteurs&#8230;<\/p>\n\n\n\n<p><strong>Le&nbsp;<\/strong><strong>d\u00e9capage<\/strong>&nbsp;est n\u00e9cessaire pour retirer les couches superficielles de certains mat\u00e9riaux (peinture, ciment). Ces techniques requi\u00e8rent l&rsquo;utilisation de produits sp\u00e9cifiques et d&rsquo;outils adapt\u00e9s, tels que brosses, \u00e9ponges ou d\u00e9capeurs thermiques.<\/p>\n\n\n\n<p><strong>L&rsquo;assainissement des&nbsp;<\/strong><strong>sanitaires<\/strong>&nbsp;est une \u00e9tape cruciale pour garantir l&rsquo;hygi\u00e8ne du chantier. Il s&rsquo;agit de nettoyer et d\u00e9sinfecter les \u00e9l\u00e9ments en contact avec l&rsquo;eau (lavabos, douches, toilettes, cuisine), ainsi que les installations de plomberie et de ventilation.<\/p>\n\n\n\n<figure class=\"wp-block-image size-large is-resized\"><img loading=\"lazy\" decoding=\"async\" width=\"1024\" height=\"683\" src=\"https:\/\/ventolini-services.com\/wp-content\/uploads\/2025\/02\/PHOTO-NETTOYAGE-FIN-DE-CHANTIER-1024x683.jpg\" alt=\"\" class=\"wp-image-530\" style=\"width:599px;height:auto\" srcset=\"https:\/\/ventolini-services.com\/wp-content\/uploads\/2025\/02\/PHOTO-NETTOYAGE-FIN-DE-CHANTIER-1024x683.jpg 1024w, https:\/\/ventolini-services.com\/wp-content\/uploads\/2025\/02\/PHOTO-NETTOYAGE-FIN-DE-CHANTIER-300x200.jpg 300w, https:\/\/ventolini-services.com\/wp-content\/uploads\/2025\/02\/PHOTO-NETTOYAGE-FIN-DE-CHANTIER-768x512.jpg 768w, https:\/\/ventolini-services.com\/wp-content\/uploads\/2025\/02\/PHOTO-NETTOYAGE-FIN-DE-CHANTIER-1536x1024.jpg 1536w, https:\/\/ventolini-services.com\/wp-content\/uploads\/2025\/02\/PHOTO-NETTOYAGE-FIN-DE-CHANTIER-2048x1365.jpg 2048w\" sizes=\"auto, (max-width: 767px) 89vw, (max-width: 1000px) 54vw, (max-width: 1071px) 543px, 580px\" \/><\/figure>\n\n\n\n<p>Pour un nettoyage de fin de chantier efficace, nous pouvons utiliser <strong>des&nbsp;<\/strong><strong>outils<\/strong><strong>&nbsp;et machines <\/strong><strong>professionnels <\/strong>: aspirateurs industriels, balayeuses m\u00e9caniques, laveuses haute pression, etc. Ces \u00e9quipements permettent d&rsquo;optimiser le temps de travail et d&rsquo;am\u00e9liorer la qualit\u00e9 de la prestation.<\/p>\n\n\n\n<p>Le choix <strong>des&nbsp;<\/strong><strong>produits chimiques<\/strong>&nbsp;\u00e0 utiliser lors du nettoyage est r\u00e9alis\u00e9 avec pr\u00e9caution. Nous privil\u00e9gions des solutions respectueuses de l&rsquo;environnement et conformes aux normes en vigueur pour \u00e9viter tout risque pour la sant\u00e9 des intervenants et des occupants.<\/p>\n\n\n\n<p>Nous intervenons dans les installations provisoires (bungalow, alg\u00e9co&#8230;) et sur tous les types de chantiers (immeuble, commerce, maison, parking, sous-sols&#8230;.).<\/p>\n\n\n\n<p>Le respect de ces exigences est primordial pour le ma\u00eetre d&rsquo;ouvrage et l&rsquo;entreprise en charge du nettoyage, notamment lors de la r\u00e9ception des travaux par le client.<\/p>\n\n\n\n<p>Nos travaux d\u2019enl\u00e8vement et de nettoyage sont effectu\u00e9s dans le respect du voisinage et de la l\u00e9gislation en vigueur.<\/p>\n\n\n\n<p>Nous intervenons au service de tous corps de m\u00e9tiers, tels que promoteurs, cabinets d\u2019architecture, agences immobili\u00e8res, entrepreneurs du BTP et \u00e9galement en direct avec les particuliers.<\/p>\n\n\n\n<p>Les&nbsp;<strong>tarifs<\/strong>&nbsp;d&rsquo;une prestation de nettoyage de fin de chantier varient en fonction de l\u2019accessibilit\u00e9 et du type de travaux \u00e0 effectuer, de la surface \u00e0 nettoyer, du mat\u00e9riel utilis\u00e9 et du d\u00e9lai d\u2019intervention.&nbsp;<\/p>\n\n\n\n<figure class=\"wp-block-image size-full is-resized\"><img loading=\"lazy\" decoding=\"async\" width=\"612\" height=\"408\" src=\"http:\/\/ventolini-services.com\/wp-content\/uploads\/2024\/07\/istockphoto-1657566602-612x612-1.jpg\" alt=\"\" class=\"wp-image-427\" style=\"width:616px;height:auto\" srcset=\"https:\/\/ventolini-services.com\/wp-content\/uploads\/2024\/07\/istockphoto-1657566602-612x612-1.jpg 612w, https:\/\/ventolini-services.com\/wp-content\/uploads\/2024\/07\/istockphoto-1657566602-612x612-1-300x200.jpg 300w\" sizes=\"auto, (max-width: 612px) 100vw, 612px\" \/><\/figure>\n\n\n\n<p><strong>N&rsquo;h\u00e9sitez pas \u00e0 nous contacter pour une demande de devis gratuit ou pour toute information compl\u00e9mentaire.<\/strong><\/p>\n\n\n\n<div class=\"wp-block-group\"><div class=\"wp-block-group__inner-container is-layout-constrained wp-block-group-is-layout-constrained\">\n<div class=\"wp-block-buttons is-layout-flex wp-block-buttons-is-layout-flex\">\n<div class=\"wp-block-button has-custom-width wp-block-button__width-50 is-style-fill\"><a class=\"wp-block-button__link has-luminous-vivid-orange-background-color has-background wp-element-button\" href=\"tel:0635026881\"> 06.35.02.68.81<\/a><\/div>\n\n\n\n<div class=\"wp-block-button has-custom-width wp-block-button__width-50\"><a class=\"wp-block-button__link has-luminous-vivid-orange-background-color has-background wp-element-button\" href=\"https:\/\/ventolini-services.com\/index.php\/contact#24h\">Demandez votre devis<\/a><\/div>\n<\/div>\n<\/div><\/div>\n\n\n\n<p><\/p>\n\n\n\n<p class=\"has-luminous-vivid-orange-color has-text-color has-link-color has-small-font-size wp-elements-4ddce148a9cd8668134099a202871a30\"><strong><em>V.D.S, un Service Client adapt\u00e9&nbsp;:<\/em><\/strong><\/p>\n\n\n\n<ul class=\"wp-block-list has-cyan-bluish-gray-color has-text-color has-link-color has-small-font-size wp-elements-14c6620e073cd10357d5acc449bd34ba\">\n<li><strong>Service de proximit\u00e9 sur toute la r\u00e9gion PACA<\/strong><\/li>\n\n\n\n<li><strong>Devis et d\u00e9placement gratuits sous 12h<\/strong><\/li>\n\n\n\n<li><strong>Disponible 7j\/7 et intervention rapide sous 24h<\/strong><\/li>\n\n\n\n<li><strong>D\u00e9barras et nettoyage complet ou sur mesure<\/strong><\/li>\n\n\n\n<li><strong>Sp\u00e9cialiste des acc\u00e8s difficiles<\/strong><\/li>\n\n\n\n<li><strong>Utilisation de mat\u00e9riels et v\u00e9hicules adapt\u00e9s<\/strong><\/li>\n\n\n\n<li><strong>Un tri responsable et respect des normes environnementales<\/strong><\/li>\n\n\n\n<li><strong>\u00c9quipe de professionnels des nettoyages extr\u00eames<\/strong><\/li>\n\n\n\n<li><strong>Nettoyage apr\u00e8s chaque intervention<\/strong><\/li>\n\n\n\n<li><strong>Un service cl\u00e9 en main d\u2019un travail soign\u00e9 et discr\u00e9tion assur\u00e9e<\/strong><\/li>\n<\/ul>\n","protected":false},"excerpt":{"rendered":"<p>SERVICES DE DEBARRAS Apr\u00e8s travaux de construction ou de r\u00e9novation, les entrepreneurs ont l\u2019obligation de rendre les lieux propres. C\u2019est inclus dans le contrat avec le client.&nbsp; Et la plupart du temps, les entrepreneurs font appel \u00e0 des entreprises de nettoyage sp\u00e9cialis\u00e9es. Le nettoyage de fin de chantier comprend&nbsp;: L&rsquo;\u00e9vacuation des&nbsp;gravats&nbsp;et le tri de tous &hellip; <\/p>\n<p class=\"link-more\"><a href=\"https:\/\/ventolini-services.com\/index.php\/nettoyage-fin-de-chantier\/\" class=\"more-link\">Continuer la lecture<span class=\"screen-reader-text\"> de &laquo;&nbsp;Nettoyage Fin de Chantier&nbsp;&raquo;<\/span><\/a><\/p>\n","protected":false},"author":1,"featured_media":522,"parent":0,"menu_order":0,"comment_status":"closed","ping_status":"closed","template":"","meta":{"footnotes":""},"class_list":["post-472","page","type-page","status-publish","has-post-thumbnail","hentry"],"yoast_head":"<!-- This site is optimized with the Yoast SEO plugin v23.6 - https:\/\/yoast.com\/wordpress\/plugins\/seo\/ -->\n<title>Nettoyage Fin de Chantier - Ventolini D\u00e9barras Services<\/title>\n<meta name=\"description\" content=\"De l&#039;enl\u00e8vement des gravats au nettoyage des vitres, en passant par le lavage des sols, nous vous proposons un service complet pour une livraison cl\u00e9 en main.\" \/>\n<meta name=\"robots\" content=\"index, follow, max-snippet:-1, max-image-preview:large, max-video-preview:-1\" \/>\n<link rel=\"canonical\" href=\"https:\/\/ventolini-services.com\/index.php\/nettoyage-fin-de-chantier\/\" \/>\n<meta property=\"og:locale\" content=\"fr_FR\" \/>\n<meta property=\"og:type\" content=\"article\" \/>\n<meta property=\"og:title\" content=\"Nettoyage Fin de Chantier - Ventolini D\u00e9barras Services\" \/>\n<meta property=\"og:description\" content=\"De l&#039;enl\u00e8vement des gravats au nettoyage des vitres, en passant par le lavage des sols, nous vous proposons un service complet pour une livraison cl\u00e9 en main.\" \/>\n<meta property=\"og:url\" content=\"https:\/\/ventolini-services.com\/index.php\/nettoyage-fin-de-chantier\/\" \/>\n<meta property=\"og:site_name\" content=\"Ventolini D\u00e9barras Services\" \/>\n<meta property=\"article:publisher\" content=\"https:\/\/www.facebook.com\/VentoliniDebarrasServices\" \/>\n<meta property=\"article:modified_time\" content=\"2025-02-28T15:10:14+00:00\" \/>\n<meta property=\"og:image\" content=\"http:\/\/ventolini-services.com\/wp-content\/uploads\/2025\/02\/PHOTO-CLE-EN-MAIN.jpg\" \/>\n\t<meta property=\"og:image:width\" content=\"2199\" \/>\n\t<meta property=\"og:image:height\" content=\"1363\" \/>\n\t<meta property=\"og:image:type\" content=\"image\/jpeg\" \/>\n<meta name=\"twitter:card\" content=\"summary_large_image\" \/>\n<meta name=\"twitter:label1\" content=\"Dur\u00e9e de lecture estim\u00e9e\" \/>\n\t<meta name=\"twitter:data1\" content=\"4 minutes\" \/>\n<script type=\"application\/ld+json\" class=\"yoast-schema-graph\">{\"@context\":\"https:\/\/schema.org\",\"@graph\":[{\"@type\":\"WebPage\",\"@id\":\"https:\/\/ventolini-services.com\/index.php\/nettoyage-fin-de-chantier\/\",\"url\":\"https:\/\/ventolini-services.com\/index.php\/nettoyage-fin-de-chantier\/\",\"name\":\"Nettoyage Fin de Chantier - Ventolini D\u00e9barras Services\",\"isPartOf\":{\"@id\":\"https:\/\/ventolini-services.com\/#website\"},\"primaryImageOfPage\":{\"@id\":\"https:\/\/ventolini-services.com\/index.php\/nettoyage-fin-de-chantier\/#primaryimage\"},\"image\":{\"@id\":\"https:\/\/ventolini-services.com\/index.php\/nettoyage-fin-de-chantier\/#primaryimage\"},\"thumbnailUrl\":\"https:\/\/ventolini-services.com\/wp-content\/uploads\/2025\/02\/PHOTO-CLE-EN-MAIN.jpg\",\"datePublished\":\"2024-11-15T19:19:47+00:00\",\"dateModified\":\"2025-02-28T15:10:14+00:00\",\"description\":\"De l'enl\u00e8vement des gravats au nettoyage des vitres, en passant par le lavage des sols, nous vous proposons un service complet pour une livraison cl\u00e9 en main.\",\"breadcrumb\":{\"@id\":\"https:\/\/ventolini-services.com\/index.php\/nettoyage-fin-de-chantier\/#breadcrumb\"},\"inLanguage\":\"fr-FR\",\"potentialAction\":[{\"@type\":\"ReadAction\",\"target\":[\"https:\/\/ventolini-services.com\/index.php\/nettoyage-fin-de-chantier\/\"]}]},{\"@type\":\"ImageObject\",\"inLanguage\":\"fr-FR\",\"@id\":\"https:\/\/ventolini-services.com\/index.php\/nettoyage-fin-de-chantier\/#primaryimage\",\"url\":\"https:\/\/ventolini-services.com\/wp-content\/uploads\/2025\/02\/PHOTO-CLE-EN-MAIN.jpg\",\"contentUrl\":\"https:\/\/ventolini-services.com\/wp-content\/uploads\/2025\/02\/PHOTO-CLE-EN-MAIN.jpg\",\"width\":2199,\"height\":1363,\"caption\":\"Close-up on a real estate agent giving the keys of his new house to a man - home ownership concepts\"},{\"@type\":\"BreadcrumbList\",\"@id\":\"https:\/\/ventolini-services.com\/index.php\/nettoyage-fin-de-chantier\/#breadcrumb\",\"itemListElement\":[{\"@type\":\"ListItem\",\"position\":1,\"name\":\"Accueil\",\"item\":\"https:\/\/ventolini-services.com\/\"},{\"@type\":\"ListItem\",\"position\":2,\"name\":\"Nettoyage Fin de Chantier\"}]},{\"@type\":\"WebSite\",\"@id\":\"https:\/\/ventolini-services.com\/#website\",\"url\":\"https:\/\/ventolini-services.com\/\",\"name\":\"Ventolini D\u00e9barras Services\",\"description\":\"Un engagement \u00e0 votre service, votre partenaire de confiance pour particulier et professionnel.\",\"publisher\":{\"@id\":\"https:\/\/ventolini-services.com\/#organization\"},\"alternateName\":\"vds\",\"potentialAction\":[{\"@type\":\"SearchAction\",\"target\":{\"@type\":\"EntryPoint\",\"urlTemplate\":\"https:\/\/ventolini-services.com\/?s={search_term_string}\"},\"query-input\":{\"@type\":\"PropertyValueSpecification\",\"valueRequired\":true,\"valueName\":\"search_term_string\"}}],\"inLanguage\":\"fr-FR\"},{\"@type\":\"Organization\",\"@id\":\"https:\/\/ventolini-services.com\/#organization\",\"name\":\"Ventolini D\u00e9barras Services\",\"url\":\"https:\/\/ventolini-services.com\/\",\"logo\":{\"@type\":\"ImageObject\",\"inLanguage\":\"fr-FR\",\"@id\":\"https:\/\/ventolini-services.com\/#\/schema\/logo\/image\/\",\"url\":\"https:\/\/ventolini-services.com\/wp-content\/uploads\/2024\/05\/cropped-VDS-vignette1-1.png\",\"contentUrl\":\"https:\/\/ventolini-services.com\/wp-content\/uploads\/2024\/05\/cropped-VDS-vignette1-1.png\",\"width\":250,\"height\":250,\"caption\":\"Ventolini D\u00e9barras Services\"},\"image\":{\"@id\":\"https:\/\/ventolini-services.com\/#\/schema\/logo\/image\/\"},\"sameAs\":[\"https:\/\/www.facebook.com\/VentoliniDebarrasServices\"]}]}<\/script>\n<!-- \/ Yoast SEO plugin. -->","yoast_head_json":{"title":"Nettoyage Fin de Chantier - Ventolini D\u00e9barras Services","description":"De l'enl\u00e8vement des gravats au nettoyage des vitres, en passant par le lavage des sols, nous vous proposons un service complet pour une livraison cl\u00e9 en main.","robots":{"index":"index","follow":"follow","max-snippet":"max-snippet:-1","max-image-preview":"max-image-preview:large","max-video-preview":"max-video-preview:-1"},"canonical":"https:\/\/ventolini-services.com\/index.php\/nettoyage-fin-de-chantier\/","og_locale":"fr_FR","og_type":"article","og_title":"Nettoyage Fin de Chantier - Ventolini D\u00e9barras Services","og_description":"De l'enl\u00e8vement des gravats au nettoyage des vitres, en passant par le lavage des sols, nous vous proposons un service complet pour une livraison cl\u00e9 en main.","og_url":"https:\/\/ventolini-services.com\/index.php\/nettoyage-fin-de-chantier\/","og_site_name":"Ventolini D\u00e9barras Services","article_publisher":"https:\/\/www.facebook.com\/VentoliniDebarrasServices","article_modified_time":"2025-02-28T15:10:14+00:00","og_image":[{"width":2199,"height":1363,"url":"http:\/\/ventolini-services.com\/wp-content\/uploads\/2025\/02\/PHOTO-CLE-EN-MAIN.jpg","type":"image\/jpeg"}],"twitter_card":"summary_large_image","twitter_misc":{"Dur\u00e9e de lecture estim\u00e9e":"4 minutes"},"schema":{"@context":"https:\/\/schema.org","@graph":[{"@type":"WebPage","@id":"https:\/\/ventolini-services.com\/index.php\/nettoyage-fin-de-chantier\/","url":"https:\/\/ventolini-services.com\/index.php\/nettoyage-fin-de-chantier\/","name":"Nettoyage Fin de Chantier - Ventolini D\u00e9barras Services","isPartOf":{"@id":"https:\/\/ventolini-services.com\/#website"},"primaryImageOfPage":{"@id":"https:\/\/ventolini-services.com\/index.php\/nettoyage-fin-de-chantier\/#primaryimage"},"image":{"@id":"https:\/\/ventolini-services.com\/index.php\/nettoyage-fin-de-chantier\/#primaryimage"},"thumbnailUrl":"https:\/\/ventolini-services.com\/wp-content\/uploads\/2025\/02\/PHOTO-CLE-EN-MAIN.jpg","datePublished":"2024-11-15T19:19:47+00:00","dateModified":"2025-02-28T15:10:14+00:00","description":"De l'enl\u00e8vement des gravats au nettoyage des vitres, en passant par le lavage des sols, nous vous proposons un service complet pour une livraison cl\u00e9 en main.","breadcrumb":{"@id":"https:\/\/ventolini-services.com\/index.php\/nettoyage-fin-de-chantier\/#breadcrumb"},"inLanguage":"fr-FR","potentialAction":[{"@type":"ReadAction","target":["https:\/\/ventolini-services.com\/index.php\/nettoyage-fin-de-chantier\/"]}]},{"@type":"ImageObject","inLanguage":"fr-FR","@id":"https:\/\/ventolini-services.com\/index.php\/nettoyage-fin-de-chantier\/#primaryimage","url":"https:\/\/ventolini-services.com\/wp-content\/uploads\/2025\/02\/PHOTO-CLE-EN-MAIN.jpg","contentUrl":"https:\/\/ventolini-services.com\/wp-content\/uploads\/2025\/02\/PHOTO-CLE-EN-MAIN.jpg","width":2199,"height":1363,"caption":"Close-up on a real estate agent giving the keys of his new house to a man - home ownership concepts"},{"@type":"BreadcrumbList","@id":"https:\/\/ventolini-services.com\/index.php\/nettoyage-fin-de-chantier\/#breadcrumb","itemListElement":[{"@type":"ListItem","position":1,"name":"Accueil","item":"https:\/\/ventolini-services.com\/"},{"@type":"ListItem","position":2,"name":"Nettoyage Fin de Chantier"}]},{"@type":"WebSite","@id":"https:\/\/ventolini-services.com\/#website","url":"https:\/\/ventolini-services.com\/","name":"Ventolini D\u00e9barras Services","description":"Un engagement \u00e0 votre service, votre partenaire de confiance pour particulier et professionnel.","publisher":{"@id":"https:\/\/ventolini-services.com\/#organization"},"alternateName":"vds","potentialAction":[{"@type":"SearchAction","target":{"@type":"EntryPoint","urlTemplate":"https:\/\/ventolini-services.com\/?s={search_term_string}"},"query-input":{"@type":"PropertyValueSpecification","valueRequired":true,"valueName":"search_term_string"}}],"inLanguage":"fr-FR"},{"@type":"Organization","@id":"https:\/\/ventolini-services.com\/#organization","name":"Ventolini D\u00e9barras Services","url":"https:\/\/ventolini-services.com\/","logo":{"@type":"ImageObject","inLanguage":"fr-FR","@id":"https:\/\/ventolini-services.com\/#\/schema\/logo\/image\/","url":"https:\/\/ventolini-services.com\/wp-content\/uploads\/2024\/05\/cropped-VDS-vignette1-1.png","contentUrl":"https:\/\/ventolini-services.com\/wp-content\/uploads\/2024\/05\/cropped-VDS-vignette1-1.png","width":250,"height":250,"caption":"Ventolini D\u00e9barras Services"},"image":{"@id":"https:\/\/ventolini-services.com\/#\/schema\/logo\/image\/"},"sameAs":["https:\/\/www.facebook.com\/VentoliniDebarrasServices"]}]}},"_links":{"self":[{"href":"https:\/\/ventolini-services.com\/index.php\/wp-json\/wp\/v2\/pages\/472","targetHints":{"allow":["GET"]}}],"collection":[{"href":"https:\/\/ventolini-services.com\/index.php\/wp-json\/wp\/v2\/pages"}],"about":[{"href":"https:\/\/ventolini-services.com\/index.php\/wp-json\/wp\/v2\/types\/page"}],"author":[{"embeddable":true,"href":"https:\/\/ventolini-services.com\/index.php\/wp-json\/wp\/v2\/users\/1"}],"replies":[{"embeddable":true,"href":"https:\/\/ventolini-services.com\/index.php\/wp-json\/wp\/v2\/comments?post=472"}],"version-history":[{"count":6,"href":"https:\/\/ventolini-services.com\/index.php\/wp-json\/wp\/v2\/pages\/472\/revisions"}],"predecessor-version":[{"id":532,"href":"https:\/\/ventolini-services.com\/index.php\/wp-json\/wp\/v2\/pages\/472\/revisions\/532"}],"wp:featuredmedia":[{"embeddable":true,"href":"https:\/\/ventolini-services.com\/index.php\/wp-json\/wp\/v2\/media\/522"}],"wp:attachment":[{"href":"https:\/\/ventolini-services.com\/index.php\/wp-json\/wp\/v2\/media?parent=472"}],"curies":[{"name":"wp","href":"https:\/\/api.w.org\/{rel}","templated":true}]}}