{"id":3,"date":"2024-05-09T21:17:13","date_gmt":"2024-05-09T19:17:13","guid":{"rendered":"http:\/\/ventolini-services.com\/?page_id=3"},"modified":"2024-06-13T15:59:42","modified_gmt":"2024-06-13T13:59:42","slug":"politique-de-confidentialite","status":"publish","type":"page","link":"https:\/\/ventolini-services.com\/index.php\/politique-de-confidentialite\/","title":{"rendered":"Politique de confidentialit\u00e9"},"content":{"rendered":"\n<h2 class=\"wp-block-heading\">Qui sommes-nous&nbsp;?<\/h2>\n\n\n\n<p>L\u2019adresse de notre site est\u00a0: http:\/\/ventolini-services.com.<\/p>\n\n\n\n<h2 class=\"wp-block-heading\">Cookies<\/h2>\n\n\n\n<p>Si vous d\u00e9posez un commentaire sur notre site, il vous sera propos\u00e9 d\u2019enregistrer votre nom, adresse e-mail et site dans des cookies. C\u2019est uniquement pour votre confort afin de ne pas avoir \u00e0 saisir ces informations si vous d\u00e9posez un autre commentaire plus tard. Ces cookies expirent au bout d\u2019un an.<\/p>\n\n\n\n<p>Si vous vous rendez sur la page de connexion, un cookie temporaire sera cr\u00e9\u00e9 afin de d\u00e9terminer si votre navigateur accepte les cookies. Il ne contient pas de donn\u00e9es personnelles et sera supprim\u00e9 automatiquement \u00e0 la fermeture de votre navigateur.<\/p>\n\n\n\n<p>Lorsque vous vous connecterez, nous mettrons en place un certain nombre de cookies pour enregistrer vos informations de connexion et vos pr\u00e9f\u00e9rences d\u2019\u00e9cran. La dur\u00e9e de vie d\u2019un cookie de connexion est de deux jours, celle d\u2019un cookie d\u2019option d\u2019\u00e9cran est d\u2019un an. Si vous cochez \u00ab&nbsp;Se souvenir de moi&nbsp;\u00bb, votre cookie de connexion sera conserv\u00e9 pendant deux semaines. Si vous vous d\u00e9connectez de votre compte, le cookie de connexion sera effac\u00e9.<\/p>\n\n\n\n<p>En modifiant ou en publiant une publication, un cookie suppl\u00e9mentaire sera enregistr\u00e9 dans votre navigateur. Ce cookie ne comprend aucune donn\u00e9e personnelle. Il indique simplement l\u2019ID de la publication que vous venez de modifier. Il expire au bout d\u2019un jour.<\/p>\n\n\n\n<h2 class=\"wp-block-heading\">Utilisation et transmission de vos donn\u00e9es personnelles<\/h2>\n\n\n\n<p>Nous collectons les donn\u00e9es personnelles que vous nous fournissez volontairement, lorsque vous :<\/p>\n\n\n\n<ul class=\"wp-block-list\">\n<li>Contactez notre service client<\/li>\n<\/ul>\n\n\n\n<p>Ces donn\u00e9es peuvent inclure votre nom, votre adresse e-mail, votre adresse postale, votre num\u00e9ro de t\u00e9l\u00e9phone et d&rsquo;autres informations que vous nous avez fournies.<\/p>\n\n\n\n<p>Nous pouvons \u00e9galement collecter des donn\u00e9es personnelles vous concernant indirectement, lorsque vous utilisez notre site web ou application. Ces donn\u00e9es peuvent inclure votre adresse IP, votre navigateur web, votre syst\u00e8me d&rsquo;exploitation et d&rsquo;autres informations sur votre appareil.<\/p>\n\n\n\n<p><strong>Comment utilisons-nous vos donn\u00e9es personnelles ?<\/strong><\/p>\n\n\n\n<p>Nous utilisons vos donn\u00e9es personnelles pour :<\/p>\n\n\n\n<ul class=\"wp-block-list\">\n<li>Vous fournir nos services<\/li>\n\n\n\n<li>Traiter vos demandes<\/li>\n\n\n\n<li>Am\u00e9liorer nos services<\/li>\n\n\n\n<li>Vous contacter pour vous fournir des informations sur nos services, y compris des offres promotionnelles<\/li>\n\n\n\n<li>Personnaliser votre exp\u00e9rience sur notre site web et application<\/li>\n\n\n\n<li>Respecter nos obligations l\u00e9gales<\/li>\n<\/ul>\n\n\n\n<p><strong>Avec qui partageons-nous vos donn\u00e9es personnelles ?<\/strong><\/p>\n\n\n\n<p>Nous ne vendons ni ne louons vos donn\u00e9es personnelles \u00e0 des tiers.<\/p>\n\n\n\n<p><strong>Comment prot\u00e9geons-nous vos donn\u00e9es personnelles ?<\/strong><\/p>\n\n\n\n<p>Nous mettons en \u0153uvre des mesures de s\u00e9curit\u00e9 techniques et organisationnelles appropri\u00e9es pour prot\u00e9ger vos donn\u00e9es personnelles contre la perte, le vol, l&rsquo;utilisation abusive, l&rsquo;acc\u00e8s non autoris\u00e9, la divulgation, l&rsquo;alt\u00e9ration ou la destruction.<\/p>\n\n\n\n<p><strong>Quels sont vos droits concernant vos donn\u00e9es personnelles ?<\/strong><\/p>\n\n\n\n<p>Vous avez le droit de :<\/p>\n\n\n\n<ul class=\"wp-block-list\">\n<li>Acc\u00e9der \u00e0 vos donn\u00e9es personnelles<\/li>\n\n\n\n<li>Rectifier vos donn\u00e9es personnelles<\/li>\n\n\n\n<li>Supprimer vos donn\u00e9es personnelles<\/li>\n\n\n\n<li>Limiter le traitement de vos donn\u00e9es personnelles<\/li>\n\n\n\n<li>Vous opposer au traitement de vos donn\u00e9es personnelles<\/li>\n\n\n\n<li>Porter vos donn\u00e9es personnelles \u00e0 un autre responsable du traitement<\/li>\n<\/ul>\n\n\n\n<p>Vous pouvez exercer vos droits en nous contactant \u00e0 l&rsquo;adresse suivante : contact@ventolini-services.com<\/p>\n\n\n\n<h2 class=\"wp-block-heading\">Dur\u00e9es de stockage de vos donn\u00e9es<\/h2>\n\n\n\n<p>Nous conservons vos donn\u00e9es personnelles pendant la dur\u00e9e n\u00e9cessaire pour atteindre les finalit\u00e9s pour lesquelles elles ont \u00e9t\u00e9 collect\u00e9es ou, le cas \u00e9ch\u00e9ant, pendant une p\u00e9riode plus longue si la loi l&rsquo;exige.<\/p>\n","protected":false},"excerpt":{"rendered":"<p>Qui sommes-nous&nbsp;? L\u2019adresse de notre site est\u00a0: http:\/\/ventolini-services.com. Cookies Si vous d\u00e9posez un commentaire sur notre site, il vous sera propos\u00e9 d\u2019enregistrer votre nom, adresse e-mail et site dans des cookies. C\u2019est uniquement pour votre confort afin de ne pas avoir \u00e0 saisir ces informations si vous d\u00e9posez un autre commentaire plus tard. Ces cookies &hellip; <\/p>\n<p class=\"link-more\"><a href=\"https:\/\/ventolini-services.com\/index.php\/politique-de-confidentialite\/\" class=\"more-link\">Continuer la lecture<span class=\"screen-reader-text\"> de &laquo;&nbsp;Politique de confidentialit\u00e9&nbsp;&raquo;<\/span><\/a><\/p>\n","protected":false},"author":1,"featured_media":0,"parent":0,"menu_order":0,"comment_status":"closed","ping_status":"open","template":"","meta":{"footnotes":""},"class_list":["post-3","page","type-page","status-publish","hentry"],"yoast_head":"<!-- This site is optimized with the Yoast SEO plugin v23.6 - https:\/\/yoast.com\/wordpress\/plugins\/seo\/ -->\n<title>Politique de confidentialit\u00e9 - Ventolini D\u00e9barras Services<\/title>\n<meta name=\"robots\" content=\"index, follow, max-snippet:-1, max-image-preview:large, max-video-preview:-1\" \/>\n<link rel=\"canonical\" href=\"https:\/\/ventolini-services.com\/index.php\/politique-de-confidentialite\/\" \/>\n<meta property=\"og:locale\" content=\"fr_FR\" \/>\n<meta property=\"og:type\" content=\"article\" \/>\n<meta property=\"og:title\" content=\"Politique de confidentialit\u00e9 - Ventolini D\u00e9barras Services\" \/>\n<meta property=\"og:description\" content=\"Qui sommes-nous&nbsp;? L\u2019adresse de notre site est\u00a0: http:\/\/ventolini-services.com. Cookies Si vous d\u00e9posez un commentaire sur notre site, il vous sera propos\u00e9 d\u2019enregistrer votre nom, adresse e-mail et site dans des cookies. C\u2019est uniquement pour votre confort afin de ne pas avoir \u00e0 saisir ces informations si vous d\u00e9posez un autre commentaire plus tard. Ces cookies &hellip; Continuer la lecture de &laquo;&nbsp;Politique de confidentialit\u00e9&nbsp;&raquo;\" \/>\n<meta property=\"og:url\" content=\"https:\/\/ventolini-services.com\/index.php\/politique-de-confidentialite\/\" \/>\n<meta property=\"og:site_name\" content=\"Ventolini D\u00e9barras Services\" \/>\n<meta property=\"article:publisher\" content=\"https:\/\/www.facebook.com\/VentoliniDebarrasServices\" \/>\n<meta property=\"article:modified_time\" content=\"2024-06-13T13:59:42+00:00\" \/>\n<meta name=\"twitter:card\" content=\"summary_large_image\" \/>\n<meta name=\"twitter:label1\" content=\"Dur\u00e9e de lecture estim\u00e9e\" \/>\n\t<meta name=\"twitter:data1\" content=\"3 minutes\" \/>\n<script type=\"application\/ld+json\" class=\"yoast-schema-graph\">{\"@context\":\"https:\/\/schema.org\",\"@graph\":[{\"@type\":\"WebPage\",\"@id\":\"https:\/\/ventolini-services.com\/index.php\/politique-de-confidentialite\/\",\"url\":\"https:\/\/ventolini-services.com\/index.php\/politique-de-confidentialite\/\",\"name\":\"Politique de confidentialit\u00e9 - Ventolini D\u00e9barras Services\",\"isPartOf\":{\"@id\":\"https:\/\/ventolini-services.com\/#website\"},\"datePublished\":\"2024-05-09T19:17:13+00:00\",\"dateModified\":\"2024-06-13T13:59:42+00:00\",\"breadcrumb\":{\"@id\":\"https:\/\/ventolini-services.com\/index.php\/politique-de-confidentialite\/#breadcrumb\"},\"inLanguage\":\"fr-FR\",\"potentialAction\":[{\"@type\":\"ReadAction\",\"target\":[\"https:\/\/ventolini-services.com\/index.php\/politique-de-confidentialite\/\"]}]},{\"@type\":\"BreadcrumbList\",\"@id\":\"https:\/\/ventolini-services.com\/index.php\/politique-de-confidentialite\/#breadcrumb\",\"itemListElement\":[{\"@type\":\"ListItem\",\"position\":1,\"name\":\"Accueil\",\"item\":\"https:\/\/ventolini-services.com\/\"},{\"@type\":\"ListItem\",\"position\":2,\"name\":\"Politique de confidentialit\u00e9\"}]},{\"@type\":\"WebSite\",\"@id\":\"https:\/\/ventolini-services.com\/#website\",\"url\":\"https:\/\/ventolini-services.com\/\",\"name\":\"Ventolini D\u00e9barras Services\",\"description\":\"Un engagement \u00e0 votre service, votre partenaire de confiance pour particulier et professionnel.\",\"publisher\":{\"@id\":\"https:\/\/ventolini-services.com\/#organization\"},\"alternateName\":\"vds\",\"potentialAction\":[{\"@type\":\"SearchAction\",\"target\":{\"@type\":\"EntryPoint\",\"urlTemplate\":\"https:\/\/ventolini-services.com\/?s={search_term_string}\"},\"query-input\":{\"@type\":\"PropertyValueSpecification\",\"valueRequired\":true,\"valueName\":\"search_term_string\"}}],\"inLanguage\":\"fr-FR\"},{\"@type\":\"Organization\",\"@id\":\"https:\/\/ventolini-services.com\/#organization\",\"name\":\"Ventolini D\u00e9barras Services\",\"url\":\"https:\/\/ventolini-services.com\/\",\"logo\":{\"@type\":\"ImageObject\",\"inLanguage\":\"fr-FR\",\"@id\":\"https:\/\/ventolini-services.com\/#\/schema\/logo\/image\/\",\"url\":\"https:\/\/ventolini-services.com\/wp-content\/uploads\/2024\/05\/cropped-VDS-vignette1-1.png\",\"contentUrl\":\"https:\/\/ventolini-services.com\/wp-content\/uploads\/2024\/05\/cropped-VDS-vignette1-1.png\",\"width\":250,\"height\":250,\"caption\":\"Ventolini D\u00e9barras Services\"},\"image\":{\"@id\":\"https:\/\/ventolini-services.com\/#\/schema\/logo\/image\/\"},\"sameAs\":[\"https:\/\/www.facebook.com\/VentoliniDebarrasServices\"]}]}<\/script>\n<!-- \/ Yoast SEO plugin. -->","yoast_head_json":{"title":"Politique de confidentialit\u00e9 - Ventolini D\u00e9barras Services","robots":{"index":"index","follow":"follow","max-snippet":"max-snippet:-1","max-image-preview":"max-image-preview:large","max-video-preview":"max-video-preview:-1"},"canonical":"https:\/\/ventolini-services.com\/index.php\/politique-de-confidentialite\/","og_locale":"fr_FR","og_type":"article","og_title":"Politique de confidentialit\u00e9 - Ventolini D\u00e9barras Services","og_description":"Qui sommes-nous&nbsp;? L\u2019adresse de notre site est\u00a0: http:\/\/ventolini-services.com. Cookies Si vous d\u00e9posez un commentaire sur notre site, il vous sera propos\u00e9 d\u2019enregistrer votre nom, adresse e-mail et site dans des cookies. C\u2019est uniquement pour votre confort afin de ne pas avoir \u00e0 saisir ces informations si vous d\u00e9posez un autre commentaire plus tard. Ces cookies &hellip; Continuer la lecture de &laquo;&nbsp;Politique de confidentialit\u00e9&nbsp;&raquo;","og_url":"https:\/\/ventolini-services.com\/index.php\/politique-de-confidentialite\/","og_site_name":"Ventolini D\u00e9barras Services","article_publisher":"https:\/\/www.facebook.com\/VentoliniDebarrasServices","article_modified_time":"2024-06-13T13:59:42+00:00","twitter_card":"summary_large_image","twitter_misc":{"Dur\u00e9e de lecture estim\u00e9e":"3 minutes"},"schema":{"@context":"https:\/\/schema.org","@graph":[{"@type":"WebPage","@id":"https:\/\/ventolini-services.com\/index.php\/politique-de-confidentialite\/","url":"https:\/\/ventolini-services.com\/index.php\/politique-de-confidentialite\/","name":"Politique de confidentialit\u00e9 - Ventolini D\u00e9barras Services","isPartOf":{"@id":"https:\/\/ventolini-services.com\/#website"},"datePublished":"2024-05-09T19:17:13+00:00","dateModified":"2024-06-13T13:59:42+00:00","breadcrumb":{"@id":"https:\/\/ventolini-services.com\/index.php\/politique-de-confidentialite\/#breadcrumb"},"inLanguage":"fr-FR","potentialAction":[{"@type":"ReadAction","target":["https:\/\/ventolini-services.com\/index.php\/politique-de-confidentialite\/"]}]},{"@type":"BreadcrumbList","@id":"https:\/\/ventolini-services.com\/index.php\/politique-de-confidentialite\/#breadcrumb","itemListElement":[{"@type":"ListItem","position":1,"name":"Accueil","item":"https:\/\/ventolini-services.com\/"},{"@type":"ListItem","position":2,"name":"Politique de confidentialit\u00e9"}]},{"@type":"WebSite","@id":"https:\/\/ventolini-services.com\/#website","url":"https:\/\/ventolini-services.com\/","name":"Ventolini D\u00e9barras Services","description":"Un engagement \u00e0 votre service, votre partenaire de confiance pour particulier et professionnel.","publisher":{"@id":"https:\/\/ventolini-services.com\/#organization"},"alternateName":"vds","potentialAction":[{"@type":"SearchAction","target":{"@type":"EntryPoint","urlTemplate":"https:\/\/ventolini-services.com\/?s={search_term_string}"},"query-input":{"@type":"PropertyValueSpecification","valueRequired":true,"valueName":"search_term_string"}}],"inLanguage":"fr-FR"},{"@type":"Organization","@id":"https:\/\/ventolini-services.com\/#organization","name":"Ventolini D\u00e9barras Services","url":"https:\/\/ventolini-services.com\/","logo":{"@type":"ImageObject","inLanguage":"fr-FR","@id":"https:\/\/ventolini-services.com\/#\/schema\/logo\/image\/","url":"https:\/\/ventolini-services.com\/wp-content\/uploads\/2024\/05\/cropped-VDS-vignette1-1.png","contentUrl":"https:\/\/ventolini-services.com\/wp-content\/uploads\/2024\/05\/cropped-VDS-vignette1-1.png","width":250,"height":250,"caption":"Ventolini D\u00e9barras Services"},"image":{"@id":"https:\/\/ventolini-services.com\/#\/schema\/logo\/image\/"},"sameAs":["https:\/\/www.facebook.com\/VentoliniDebarrasServices"]}]}},"_links":{"self":[{"href":"https:\/\/ventolini-services.com\/index.php\/wp-json\/wp\/v2\/pages\/3","targetHints":{"allow":["GET"]}}],"collection":[{"href":"https:\/\/ventolini-services.com\/index.php\/wp-json\/wp\/v2\/pages"}],"about":[{"href":"https:\/\/ventolini-services.com\/index.php\/wp-json\/wp\/v2\/types\/page"}],"author":[{"embeddable":true,"href":"https:\/\/ventolini-services.com\/index.php\/wp-json\/wp\/v2\/users\/1"}],"replies":[{"embeddable":true,"href":"https:\/\/ventolini-services.com\/index.php\/wp-json\/wp\/v2\/comments?post=3"}],"version-history":[{"count":2,"href":"https:\/\/ventolini-services.com\/index.php\/wp-json\/wp\/v2\/pages\/3\/revisions"}],"predecessor-version":[{"id":232,"href":"https:\/\/ventolini-services.com\/index.php\/wp-json\/wp\/v2\/pages\/3\/revisions\/232"}],"wp:attachment":[{"href":"https:\/\/ventolini-services.com\/index.php\/wp-json\/wp\/v2\/media?parent=3"}],"curies":[{"name":"wp","href":"https:\/\/api.w.org\/{rel}","templated":true}]}}